{"id":1293,"date":"2019-01-07T00:51:09","date_gmt":"2019-01-07T04:51:09","guid":{"rendered":"http:\/\/sante-entreprise.ca\/contact\/"},"modified":"2025-09-16T14:28:48","modified_gmt":"2025-09-16T18:28:48","slug":"contact","status":"publish","type":"page","link":"https:\/\/sante-entreprise.ca\/en\/contact\/","title":{"rendered":"Contact"},"content":{"rendered":"\n<style type=\"text\/css\" data-created_by=\"avia_inline_auto\" id=\"style-css-av-jmtzhkfg-54fc075b5d3992ce09ab8b715e5073ac\">\n.avia-section.av-jmtzhkfg-54fc075b5d3992ce09ab8b715e5073ac .av-parallax .av-parallax-inner{\nbackground-color:#f0f5f5;\nbackground-image:url(https:\/\/sante-entreprise.ca\/wp-content\/uploads\/2019\/01\/Entete-Contact.jpg);\nbackground-repeat:no-repeat;\nbackground-position:50% 50%;\nbackground-attachment:scroll;\n}\n<\/style>\n<div id='av_section_1'  class='avia-section av-jmtzhkfg-54fc075b5d3992ce09ab8b715e5073ac main_color avia-section-default avia-no-border-styling  avia-builder-el-0  el_before_av_section  avia-builder-el-first  av-parallax-section avia-bg-style-parallax av-minimum-height av-minimum-height-custom av-height-custom  container_wrap sidebar_right'  data-section-bg-repeat='no-repeat' data-av_minimum_height_px='600'><div class='av-parallax' data-avia-parallax-ratio='0.3' ><div class='av-parallax-inner main_color avia-full-stretch'><\/div><\/div><div class='container av-section-cont-open' style='height:600px'><main  role=\"main\" itemprop=\"mainContentOfPage\"  class='template-page content  av-content-small alpha units'><div class='post-entry post-entry-type-page post-entry-1293'><div class='entry-content-wrapper clearfix'>\n\n<style type=\"text\/css\" data-created_by=\"avia_inline_auto\" id=\"style-css-av-jod9sowu-a0a77a71a1231899e18142b206d1ac04\">\n.flex_column.av-jod9sowu-a0a77a71a1231899e18142b206d1ac04{\nborder-radius:0px 0px 0px 0px;\npadding:0px 0px 0px 0px;\n}\n<\/style>\n<div  class='flex_column av-jod9sowu-a0a77a71a1231899e18142b206d1ac04 av_one_third  avia-builder-el-1  avia-builder-el-no-sibling  first no_margin flex_column_div av-zero-column-padding  '     ><style type=\"text\/css\" data-created_by=\"avia_inline_auto\" id=\"style-css-av-jmu13go2-7fa5b59ca20dcbc440c3e6b0a6c7c542\">\n#top .av_textblock_section.av-jmu13go2-7fa5b59ca20dcbc440c3e6b0a6c7c542 .avia_textblock{\ncolor:#ffffff;\n}\n<\/style>\n<section  class='av_textblock_section av-jmu13go2-7fa5b59ca20dcbc440c3e6b0a6c7c542 '   itemscope=\"itemscope\" itemtype=\"https:\/\/schema.org\/CreativeWork\" ><div class='avia_textblock av_inherit_color'  itemprop=\"text\" ><h6>CONTACT<\/h6>\n<\/div><\/section><br \/>\n\n<style type=\"text\/css\" data-created_by=\"avia_inline_auto\" id=\"style-css-av-jmu13go2-a817452c8f52997fd4dd5c612294bc37\">\n#top .av_textblock_section.av-jmu13go2-a817452c8f52997fd4dd5c612294bc37 .avia_textblock{\ncolor:#ffffff;\n}\n<\/style>\n<section  class='av_textblock_section av-jmu13go2-a817452c8f52997fd4dd5c612294bc37 '   itemscope=\"itemscope\" itemtype=\"https:\/\/schema.org\/CreativeWork\" ><div class='avia_textblock sous-titre2 av_inherit_color'  itemprop=\"text\" ><p>Need advice?<\/p>\n<\/div><\/section><\/p><\/div>\n\n<\/div><\/div><\/main><!-- close content main element --><\/div><\/div>\n<style type=\"text\/css\" data-created_by=\"avia_inline_auto\" id=\"style-css-av-jmtzhkfg-3aa0c8c0956588d7b5a0d9287c439307\">\n.avia-section.av-jmtzhkfg-3aa0c8c0956588d7b5a0d9287c439307{\nbackground-color:#ffffff;\nbackground-image:unset;\n}\n<\/style>\n<div id='av_section_2'  class='avia-section av-jmtzhkfg-3aa0c8c0956588d7b5a0d9287c439307 main_color avia-section-large avia-no-border-styling  avia-builder-el-4  el_after_av_section  el_before_av_section  avia-bg-style-scroll container_wrap sidebar_right'  ><div class='container av-section-cont-open' ><div class='template-page content  av-content-small alpha units'><div class='post-entry post-entry-type-page post-entry-1293'><div class='entry-content-wrapper clearfix'>\n<div class='flex_column_table av-8wjc-eeb7e7d2349041ac36133c0d2a8c182d sc-av_one_half av-equal-height-column-flextable'>\n<style type=\"text\/css\" data-created_by=\"avia_inline_auto\" id=\"style-css-av-8wjc-eeb7e7d2349041ac36133c0d2a8c182d\">\n.flex_column.av-8wjc-eeb7e7d2349041ac36133c0d2a8c182d{\nborder-radius:0px 0px 0px 0px;\npadding:0px 0px 0px 0px;\n}\n<\/style>\n<div  class='flex_column av-8wjc-eeb7e7d2349041ac36133c0d2a8c182d av_one_half  avia-builder-el-5  el_before_av_one_third  avia-builder-el-first  first flex_column_table_cell av-equal-height-column av-align-middle av-zero-column-padding  '     ><\/div><div class='av-flex-placeholder'><\/div>\n<style type=\"text\/css\" data-created_by=\"avia_inline_auto\" id=\"style-css-av-8wjc-f58734f2e6c6e04858ceea36ddf45e02\">\n.flex_column.av-8wjc-f58734f2e6c6e04858ceea36ddf45e02{\nborder-radius:0px 0px 0px 0px;\npadding:0px 0px 0px 0px;\n}\n<\/style>\n<div  class='flex_column av-8wjc-f58734f2e6c6e04858ceea36ddf45e02 av_one_third  avia-builder-el-7  el_after_av_one_half  avia-builder-el-last  flex_column_table_cell av-equal-height-column av-align-middle  '     ><section  class='av_textblock_section av-jnnxklfn-5171af366a1dd210b1dcbad77fb056fc '   itemscope=\"itemscope\" itemtype=\"https:\/\/schema.org\/CreativeWork\" ><div class='avia_textblock'  itemprop=\"text\" ><h3>Contact Isabelle D\u2019Aoust<\/h3>\n<ul>\n<li>514-985-2466, ext. 232<\/li>\n<li><a href=\"mailto:idaoust@capsana.ca\">idaoust@capsana.ca<\/a><\/li>\n<\/ul>\n<p><br class=\"avia-permanent-lb\" \/>Capsana \u2013 Workplace health<br \/>\n6833 de l&#8217;\u00c9p\u00e9e Avenue, Suite 201<br \/>\nMontreal, Quebec H3N 2C7<br \/>\n514-985-2466<\/p>\n<\/div><\/section><\/div><\/div><!--close column table wrapper. Autoclose: 1 --><\/div><\/div><\/div><!-- close content main div --><\/div><\/div>\n<style type=\"text\/css\" data-created_by=\"avia_inline_auto\" id=\"style-css-av-jmtzhkfg-550bffa78bd523cdcce56f7e138f334a\">\n.avia-section.av-jmtzhkfg-550bffa78bd523cdcce56f7e138f334a{\nbackground-color:#dd1a32;\nbackground-image:unset;\n}\n<\/style>\n<div id='av_section_3'  class='avia-section av-jmtzhkfg-550bffa78bd523cdcce56f7e138f334a main_color avia-section-default avia-no-border-styling  avia-builder-el-9  el_after_av_section  avia-builder-el-last  avia-bg-style-scroll container_wrap sidebar_right'  ><div class='container av-section-cont-open' ><div class='template-page content  av-content-small alpha units'><div class='post-entry post-entry-type-page post-entry-1293'><div class='entry-content-wrapper clearfix'>\n\n<style type=\"text\/css\" data-created_by=\"avia_inline_auto\" id=\"style-css-av-jnnxklfn-37ca3b12d91f433a5859b14edb03f81f\">\n#top .av_textblock_section.av-jnnxklfn-37ca3b12d91f433a5859b14edb03f81f .avia_textblock{\ncolor:#ffffff;\n}\n<\/style>\n<section  class='av_textblock_section av-jnnxklfn-37ca3b12d91f433a5859b14edb03f81f '   itemscope=\"itemscope\" itemtype=\"https:\/\/schema.org\/CreativeWork\" ><div class='avia_textblock av_inherit_color'  itemprop=\"text\" ><h4 style=\"text-align: center;\"><strong>Ready to promote health in your organisation by focusing on prevention?<\/strong><\/h4>\n<\/div><\/section>\n<\/div><\/div><\/div><!-- close content main div --><\/div><\/div><div id='after_section_3'  class='main_color av_default_container_wrap container_wrap sidebar_right'  ><div class='container av-section-cont-open' ><div class='template-page content  av-content-small alpha units'><div class='post-entry post-entry-type-page post-entry-1293'><div class='entry-content-wrapper clearfix'><\/p>\n","protected":false},"excerpt":{"rendered":"","protected":false},"author":1,"featured_media":0,"parent":0,"menu_order":0,"comment_status":"closed","ping_status":"closed","template":"","meta":{"footnotes":""},"class_list":["post-1293","page","type-page","status-publish","hentry"],"yoast_head":"<!-- This site is optimized with the Yoast SEO plugin v26.9 - https:\/\/yoast.com\/product\/yoast-seo-wordpress\/ -->\n<title>Contact - Capsana - Sant\u00e9 en entreprise<\/title>\n<meta name=\"robots\" content=\"index, follow, max-snippet:-1, max-image-preview:large, max-video-preview:-1\" \/>\n<link rel=\"canonical\" href=\"https:\/\/sante-entreprise.ca\/en\/contact\/\" \/>\n<meta property=\"og:locale\" content=\"en_US\" \/>\n<meta property=\"og:type\" content=\"article\" \/>\n<meta property=\"og:title\" content=\"Contact - Capsana - Sant\u00e9 en entreprise\" \/>\n<meta property=\"og:url\" content=\"https:\/\/sante-entreprise.ca\/en\/contact\/\" \/>\n<meta property=\"og:site_name\" content=\"Capsana - Sant\u00e9 en entreprise\" \/>\n<meta property=\"article:modified_time\" content=\"2025-09-16T18:28:48+00:00\" \/>\n<meta name=\"twitter:card\" content=\"summary_large_image\" \/>\n<meta name=\"twitter:label1\" content=\"Est. reading time\" \/>\n\t<meta name=\"twitter:data1\" content=\"1 minute\" \/>\n<script type=\"application\/ld+json\" class=\"yoast-schema-graph\">{\"@context\":\"https:\/\/schema.org\",\"@graph\":[{\"@type\":\"WebPage\",\"@id\":\"https:\/\/sante-entreprise.ca\/en\/contact\/\",\"url\":\"https:\/\/sante-entreprise.ca\/en\/contact\/\",\"name\":\"Contact - Capsana - Sant\u00e9 en entreprise\",\"isPartOf\":{\"@id\":\"https:\/\/sante-entreprise.ca\/en\/#website\"},\"datePublished\":\"2019-01-07T04:51:09+00:00\",\"dateModified\":\"2025-09-16T18:28:48+00:00\",\"breadcrumb\":{\"@id\":\"https:\/\/sante-entreprise.ca\/en\/contact\/#breadcrumb\"},\"inLanguage\":\"en-US\",\"potentialAction\":[{\"@type\":\"ReadAction\",\"target\":[\"https:\/\/sante-entreprise.ca\/en\/contact\/\"]}]},{\"@type\":\"BreadcrumbList\",\"@id\":\"https:\/\/sante-entreprise.ca\/en\/contact\/#breadcrumb\",\"itemListElement\":[{\"@type\":\"ListItem\",\"position\":1,\"name\":\"Accueil\",\"item\":\"https:\/\/sante-entreprise.ca\/en\/\"},{\"@type\":\"ListItem\",\"position\":2,\"name\":\"Contact\"}]},{\"@type\":\"WebSite\",\"@id\":\"https:\/\/sante-entreprise.ca\/en\/#website\",\"url\":\"https:\/\/sante-entreprise.ca\/en\/\",\"name\":\"Capsana - Sant\u00e9 en entreprise\",\"description\":\"Pour une entreprise en sant\u00e9, misez sur celle de vos employ\u00e9s\",\"potentialAction\":[{\"@type\":\"SearchAction\",\"target\":{\"@type\":\"EntryPoint\",\"urlTemplate\":\"https:\/\/sante-entreprise.ca\/en\/?s={search_term_string}\"},\"query-input\":{\"@type\":\"PropertyValueSpecification\",\"valueRequired\":true,\"valueName\":\"search_term_string\"}}],\"inLanguage\":\"en-US\"}]}<\/script>\n<!-- \/ Yoast SEO plugin. -->","yoast_head_json":{"title":"Contact - Capsana - Sant\u00e9 en entreprise","robots":{"index":"index","follow":"follow","max-snippet":"max-snippet:-1","max-image-preview":"max-image-preview:large","max-video-preview":"max-video-preview:-1"},"canonical":"https:\/\/sante-entreprise.ca\/en\/contact\/","og_locale":"en_US","og_type":"article","og_title":"Contact - Capsana - Sant\u00e9 en entreprise","og_url":"https:\/\/sante-entreprise.ca\/en\/contact\/","og_site_name":"Capsana - Sant\u00e9 en entreprise","article_modified_time":"2025-09-16T18:28:48+00:00","twitter_card":"summary_large_image","twitter_misc":{"Est. reading time":"1 minute"},"schema":{"@context":"https:\/\/schema.org","@graph":[{"@type":"WebPage","@id":"https:\/\/sante-entreprise.ca\/en\/contact\/","url":"https:\/\/sante-entreprise.ca\/en\/contact\/","name":"Contact - Capsana - Sant\u00e9 en entreprise","isPartOf":{"@id":"https:\/\/sante-entreprise.ca\/en\/#website"},"datePublished":"2019-01-07T04:51:09+00:00","dateModified":"2025-09-16T18:28:48+00:00","breadcrumb":{"@id":"https:\/\/sante-entreprise.ca\/en\/contact\/#breadcrumb"},"inLanguage":"en-US","potentialAction":[{"@type":"ReadAction","target":["https:\/\/sante-entreprise.ca\/en\/contact\/"]}]},{"@type":"BreadcrumbList","@id":"https:\/\/sante-entreprise.ca\/en\/contact\/#breadcrumb","itemListElement":[{"@type":"ListItem","position":1,"name":"Accueil","item":"https:\/\/sante-entreprise.ca\/en\/"},{"@type":"ListItem","position":2,"name":"Contact"}]},{"@type":"WebSite","@id":"https:\/\/sante-entreprise.ca\/en\/#website","url":"https:\/\/sante-entreprise.ca\/en\/","name":"Capsana - Sant\u00e9 en entreprise","description":"Pour une entreprise en sant\u00e9, misez sur celle de vos employ\u00e9s","potentialAction":[{"@type":"SearchAction","target":{"@type":"EntryPoint","urlTemplate":"https:\/\/sante-entreprise.ca\/en\/?s={search_term_string}"},"query-input":{"@type":"PropertyValueSpecification","valueRequired":true,"valueName":"search_term_string"}}],"inLanguage":"en-US"}]}},"_links":{"self":[{"href":"https:\/\/sante-entreprise.ca\/en\/wp-json\/wp\/v2\/pages\/1293","targetHints":{"allow":["GET"]}}],"collection":[{"href":"https:\/\/sante-entreprise.ca\/en\/wp-json\/wp\/v2\/pages"}],"about":[{"href":"https:\/\/sante-entreprise.ca\/en\/wp-json\/wp\/v2\/types\/page"}],"author":[{"embeddable":true,"href":"https:\/\/sante-entreprise.ca\/en\/wp-json\/wp\/v2\/users\/1"}],"replies":[{"embeddable":true,"href":"https:\/\/sante-entreprise.ca\/en\/wp-json\/wp\/v2\/comments?post=1293"}],"version-history":[{"count":7,"href":"https:\/\/sante-entreprise.ca\/en\/wp-json\/wp\/v2\/pages\/1293\/revisions"}],"predecessor-version":[{"id":3850,"href":"https:\/\/sante-entreprise.ca\/en\/wp-json\/wp\/v2\/pages\/1293\/revisions\/3850"}],"wp:attachment":[{"href":"https:\/\/sante-entreprise.ca\/en\/wp-json\/wp\/v2\/media?parent=1293"}],"curies":[{"name":"wp","href":"https:\/\/api.w.org\/{rel}","templated":true}]}}