{"id":1302,"date":"2019-01-07T01:10:58","date_gmt":"2019-01-07T05:10:58","guid":{"rendered":"http:\/\/sante-entreprise.ca\/partners\/"},"modified":"2020-03-17T12:57:46","modified_gmt":"2020-03-17T16:57:46","slug":"partners","status":"publish","type":"page","link":"https:\/\/sante-entreprise.ca\/en\/partners\/","title":{"rendered":"Partners"},"content":{"rendered":"\n<style type=\"text\/css\" data-created_by=\"avia_inline_auto\" id=\"style-css-av-jmtzhkfg-c94c58758b22dc4310f243aa2f78711e\">\n.avia-section.av-jmtzhkfg-c94c58758b22dc4310f243aa2f78711e .av-parallax .av-parallax-inner{\nbackground-color:#f0f5f5;\nbackground-image:url(https:\/\/sante-entreprise.ca\/wp-content\/uploads\/2019\/01\/Entete-Partenaires.jpg);\nbackground-repeat:no-repeat;\nbackground-position:50% 50%;\nbackground-attachment:scroll;\n}\n<\/style>\n<div id='av_section_1'  class='avia-section av-jmtzhkfg-c94c58758b22dc4310f243aa2f78711e main_color avia-section-default avia-no-border-styling  avia-builder-el-0  el_before_av_section  avia-builder-el-first  av-parallax-section avia-bg-style-parallax av-minimum-height av-minimum-height-custom av-height-custom  container_wrap sidebar_right'  data-section-bg-repeat='no-repeat' data-av_minimum_height_px='600'><div class='av-parallax' data-avia-parallax-ratio='0.3' ><div class='av-parallax-inner main_color avia-full-stretch'><\/div><\/div><div class='container av-section-cont-open' style='height:600px'><main  role=\"main\" itemprop=\"mainContentOfPage\"  class='template-page content  av-content-small alpha units'><div class='post-entry post-entry-type-page post-entry-1302'><div class='entry-content-wrapper clearfix'>\n\n<style type=\"text\/css\" data-created_by=\"avia_inline_auto\" id=\"style-css-av-jod9sowu-a0a77a71a1231899e18142b206d1ac04\">\n.flex_column.av-jod9sowu-a0a77a71a1231899e18142b206d1ac04{\nborder-radius:0px 0px 0px 0px;\npadding:0px 0px 0px 0px;\n}\n<\/style>\n<div  class='flex_column av-jod9sowu-a0a77a71a1231899e18142b206d1ac04 av_one_third  avia-builder-el-1  avia-builder-el-no-sibling  first no_margin flex_column_div av-zero-column-padding  '     ><style type=\"text\/css\" data-created_by=\"avia_inline_auto\" id=\"style-css-av-jmu13go2-7fa5b59ca20dcbc440c3e6b0a6c7c542\">\n#top .av_textblock_section.av-jmu13go2-7fa5b59ca20dcbc440c3e6b0a6c7c542 .avia_textblock{\ncolor:#ffffff;\n}\n<\/style>\n<section  class='av_textblock_section av-jmu13go2-7fa5b59ca20dcbc440c3e6b0a6c7c542 '   itemscope=\"itemscope\" itemtype=\"https:\/\/schema.org\/CreativeWork\" ><div class='avia_textblock av_inherit_color'  itemprop=\"text\" ><h6>PARTNERS<\/h6>\n<\/div><\/section><br \/>\n\n<style type=\"text\/css\" data-created_by=\"avia_inline_auto\" id=\"style-css-av-jmu13go2-a817452c8f52997fd4dd5c612294bc37\">\n#top .av_textblock_section.av-jmu13go2-a817452c8f52997fd4dd5c612294bc37 .avia_textblock{\ncolor:#ffffff;\n}\n<\/style>\n<section  class='av_textblock_section av-jmu13go2-a817452c8f52997fd4dd5c612294bc37 '   itemscope=\"itemscope\" itemtype=\"https:\/\/schema.org\/CreativeWork\" ><div class='avia_textblock sous-titre2 av_inherit_color'  itemprop=\"text\" ><p>In health like in business, choosing the right partners is key.<\/p>\n<\/div><\/section><\/p><\/div>\n\n<\/div><\/div><\/main><!-- close content main element --><\/div><\/div><div id='av_section_2'  class='avia-section av-jmtzhkfg-116e9b91ab24acfe61a53f90c3fb61de main_color avia-section-default avia-no-border-styling  avia-builder-el-4  el_after_av_section  el_before_av_section  avia-bg-style-scroll container_wrap sidebar_right'  ><div class='container av-section-cont-open' ><div class='template-page content  av-content-small alpha units'><div class='post-entry post-entry-type-page post-entry-1302'><div class='entry-content-wrapper clearfix'>\n<section  class='av_textblock_section av-jnnxklfn-fe57baed9685519724ae37ab6b324d60 '   itemscope=\"itemscope\" itemtype=\"https:\/\/schema.org\/CreativeWork\" ><div class='avia_textblock'  itemprop=\"text\" ><h3><strong>Our partners in health and wellness <\/strong><\/h3>\n<\/div><\/section>\n<div class='flex_column_table av-7l1m-2d5f95e9c6141d9810d8af7ed24dfc7b sc-av_one_fifth av-equal-height-column-flextable'>\n<style type=\"text\/css\" data-created_by=\"avia_inline_auto\" id=\"style-css-av-7l1m-2d5f95e9c6141d9810d8af7ed24dfc7b\">\n.flex_column.av-7l1m-2d5f95e9c6141d9810d8af7ed24dfc7b{\nborder-radius:0px 0px 0px 0px;\npadding:0px 0px 0px 0px;\n}\n<\/style>\n<div  class='flex_column av-7l1m-2d5f95e9c6141d9810d8af7ed24dfc7b av_one_fifth  avia-builder-el-6  el_after_av_textblock  el_before_av_one_fifth  first flex_column_table_cell av-equal-height-column av-align-middle av-zero-column-padding  column-top-margin'     ><style type=\"text\/css\" data-created_by=\"avia_inline_auto\" id=\"style-css-av-jodbqwl4-e9022f350e437586a874e7420f52ab61\">\n.avia-image-container.av-jodbqwl4-e9022f350e437586a874e7420f52ab61 img.avia_image{\nbox-shadow:none;\n}\n.avia-image-container.av-jodbqwl4-e9022f350e437586a874e7420f52ab61 .av-image-caption-overlay-center{\ncolor:#ffffff;\n}\n<\/style>\n<div  class='avia-image-container av-jodbqwl4-e9022f350e437586a874e7420f52ab61 av-styling- av-img-linked avia-align-center  avia-builder-el-7  avia-builder-el-no-sibling '   itemprop=\"image\" itemscope=\"itemscope\" itemtype=\"https:\/\/schema.org\/ImageObject\" ><div class=\"avia-image-container-inner\"><div class=\"avia-image-overlay-wrap\"><a href=\"http:\/\/www.entrac.ca\/en\/\" class='avia_image '  target=\"_blank\"  rel=\"noopener noreferrer\" aria-label='entrac'><img decoding=\"async\" fetchpriority=\"high\" class='wp-image-373 avia-img-lazy-loading-not-373 avia_image ' src=\"https:\/\/sante-entreprise.ca\/wp-content\/uploads\/2018\/11\/entrac.png\" alt='logo entrap' title='entrac'  height=\"225\" width=\"240\"  itemprop=\"thumbnailUrl\"  \/><\/a><\/div><\/div><\/div><\/div><div class='av-flex-placeholder'><\/div>\n<style type=\"text\/css\" data-created_by=\"avia_inline_auto\" id=\"style-css-av-7l1m-3e0386ecc5517540a6bea4a8fb2ac0fc\">\n.flex_column.av-7l1m-3e0386ecc5517540a6bea4a8fb2ac0fc{\nborder-radius:0px 0px 0px 0px;\npadding:0px 0px 0px 0px;\n}\n<\/style>\n<div  class='flex_column av-7l1m-3e0386ecc5517540a6bea4a8fb2ac0fc av_one_fifth  avia-builder-el-8  el_after_av_one_fifth  el_before_av_one_fifth  flex_column_table_cell av-equal-height-column av-align-middle av-zero-column-padding  column-top-margin'     ><style type=\"text\/css\" data-created_by=\"avia_inline_auto\" id=\"style-css-av-jodbqwl4-7d09112798e703e0882cd927662e4f9c\">\n.avia-image-container.av-jodbqwl4-7d09112798e703e0882cd927662e4f9c img.avia_image{\nbox-shadow:none;\n}\n.avia-image-container.av-jodbqwl4-7d09112798e703e0882cd927662e4f9c .av-image-caption-overlay-center{\ncolor:#ffffff;\n}\n<\/style>\n<div  class='avia-image-container av-jodbqwl4-7d09112798e703e0882cd927662e4f9c av-styling- av-img-linked avia-align-center  avia-builder-el-9  avia-builder-el-no-sibling '   itemprop=\"image\" itemscope=\"itemscope\" itemtype=\"https:\/\/schema.org\/ImageObject\" ><div class=\"avia-image-container-inner\"><div class=\"avia-image-overlay-wrap\"><a href=\"http:\/\/www.zenetcie.ca\/en\/\" class='avia_image '  target=\"_blank\"  rel=\"noopener noreferrer\" aria-label='zencie-250x250'><img decoding=\"async\" fetchpriority=\"high\" class='wp-image-368 avia-img-lazy-loading-not-368 avia_image ' src=\"https:\/\/sante-entreprise.ca\/wp-content\/uploads\/2018\/11\/zencie-250x250.png\" alt='logo zen &amp; cie' title='zencie-250x250'  height=\"77\" width=\"250\"  itemprop=\"thumbnailUrl\"  \/><\/a><\/div><\/div><\/div><\/div><div class='av-flex-placeholder'><\/div>\n<style type=\"text\/css\" data-created_by=\"avia_inline_auto\" id=\"style-css-av-7l1m-3e0386ecc5517540a6bea4a8fb2ac0fc\">\n.flex_column.av-7l1m-3e0386ecc5517540a6bea4a8fb2ac0fc{\nborder-radius:0px 0px 0px 0px;\npadding:0px 0px 0px 0px;\n}\n<\/style>\n<div  class='flex_column av-7l1m-3e0386ecc5517540a6bea4a8fb2ac0fc av_one_fifth  avia-builder-el-10  el_after_av_one_fifth  el_before_av_one_fifth  flex_column_table_cell av-equal-height-column av-align-middle av-zero-column-padding  column-top-margin'     ><style type=\"text\/css\" data-created_by=\"avia_inline_auto\" id=\"style-css-av-jodbqwl4-6f9725e536f2a81ae89a7e951a9c9843\">\n.avia-image-container.av-jodbqwl4-6f9725e536f2a81ae89a7e951a9c9843 img.avia_image{\nbox-shadow:none;\n}\n.avia-image-container.av-jodbqwl4-6f9725e536f2a81ae89a7e951a9c9843 .av-image-caption-overlay-center{\ncolor:#ffffff;\n}\n<\/style>\n<div  class='avia-image-container av-jodbqwl4-6f9725e536f2a81ae89a7e951a9c9843 av-styling- av-img-linked avia-align-center  avia-builder-el-11  avia-builder-el-no-sibling '   itemprop=\"image\" itemscope=\"itemscope\" itemtype=\"https:\/\/schema.org\/ImageObject\" ><div class=\"avia-image-container-inner\"><div class=\"avia-image-overlay-wrap\"><a href=\"https:\/\/www.soscuisine.com\/?sos_r=CA-QC\" class='avia_image '  target=\"_blank\"  rel=\"noopener noreferrer\" aria-label='soscuisineFR'><img decoding=\"async\" fetchpriority=\"high\" class='wp-image-375 avia-img-lazy-loading-not-375 avia_image ' src=\"https:\/\/sante-entreprise.ca\/wp-content\/uploads\/2018\/11\/soscuisineFR.png\" alt='logo SOS cuisine' title='soscuisineFR'  height=\"191\" width=\"191\"  itemprop=\"thumbnailUrl\" srcset=\"https:\/\/sante-entreprise.ca\/wp-content\/uploads\/2018\/11\/soscuisineFR.png 191w, https:\/\/sante-entreprise.ca\/wp-content\/uploads\/2018\/11\/soscuisineFR-80x80.png 80w, https:\/\/sante-entreprise.ca\/wp-content\/uploads\/2018\/11\/soscuisineFR-36x36.png 36w, https:\/\/sante-entreprise.ca\/wp-content\/uploads\/2018\/11\/soscuisineFR-180x180.png 180w, https:\/\/sante-entreprise.ca\/wp-content\/uploads\/2018\/11\/soscuisineFR-120x120.png 120w\" sizes=\"(max-width: 191px) 100vw, 191px\" \/><\/a><\/div><\/div><\/div><\/div><div class='av-flex-placeholder'><\/div>\n<style type=\"text\/css\" data-created_by=\"avia_inline_auto\" id=\"style-css-av-7l1m-3e0386ecc5517540a6bea4a8fb2ac0fc\">\n.flex_column.av-7l1m-3e0386ecc5517540a6bea4a8fb2ac0fc{\nborder-radius:0px 0px 0px 0px;\npadding:0px 0px 0px 0px;\n}\n<\/style>\n<div  class='flex_column av-7l1m-3e0386ecc5517540a6bea4a8fb2ac0fc av_one_fifth  avia-builder-el-12  el_after_av_one_fifth  el_before_av_one_fifth  flex_column_table_cell av-equal-height-column av-align-middle av-zero-column-padding  column-top-margin'     ><style type=\"text\/css\" data-created_by=\"avia_inline_auto\" id=\"style-css-av-jodbqwl4-e2eeec9d2eee58faf31cc0d1cb790d5c\">\n.avia-image-container.av-jodbqwl4-e2eeec9d2eee58faf31cc0d1cb790d5c img.avia_image{\nbox-shadow:none;\n}\n.avia-image-container.av-jodbqwl4-e2eeec9d2eee58faf31cc0d1cb790d5c .av-image-caption-overlay-center{\ncolor:#ffffff;\n}\n<\/style>\n<div  class='avia-image-container av-jodbqwl4-e2eeec9d2eee58faf31cc0d1cb790d5c av-styling- av-img-linked avia-align-center  avia-builder-el-13  avia-builder-el-no-sibling '   itemprop=\"image\" itemscope=\"itemscope\" itemtype=\"https:\/\/schema.org\/ImageObject\" ><div class=\"avia-image-container-inner\"><div class=\"avia-image-overlay-wrap\"><a href=\"https:\/\/ssq.ca\/en\" class='avia_image '  target=\"_blank\"  rel=\"noopener noreferrer\" aria-label='ssqFr-250x250'><img decoding=\"async\" fetchpriority=\"high\" class='wp-image-366 avia-img-lazy-loading-not-366 avia_image ' src=\"https:\/\/sante-entreprise.ca\/wp-content\/uploads\/2018\/11\/ssqFr-250x250.png\" alt='logo SSQ assurance' title='ssqFr-250x250'  height=\"131\" width=\"250\"  itemprop=\"thumbnailUrl\"  \/><\/a><\/div><\/div><\/div><\/div><div class='av-flex-placeholder'><\/div>\n<style type=\"text\/css\" data-created_by=\"avia_inline_auto\" id=\"style-css-av-7l1m-3e0386ecc5517540a6bea4a8fb2ac0fc\">\n.flex_column.av-7l1m-3e0386ecc5517540a6bea4a8fb2ac0fc{\nborder-radius:0px 0px 0px 0px;\npadding:0px 0px 0px 0px;\n}\n<\/style>\n<div  class='flex_column av-7l1m-3e0386ecc5517540a6bea4a8fb2ac0fc av_one_fifth  avia-builder-el-14  el_after_av_one_fifth  el_before_av_one_fifth  flex_column_table_cell av-equal-height-column av-align-middle av-zero-column-padding  column-top-margin'     ><\/div><\/div><!--close column table wrapper. Autoclose: 1 -->\n<style type=\"text\/css\" data-created_by=\"avia_inline_auto\" id=\"style-css-av-7l1m-230f0968336f4afa7cdb95d3743aac71\">\n.flex_column.av-7l1m-230f0968336f4afa7cdb95d3743aac71{\nborder-radius:0px 0px 0px 0px;\npadding:0px 0px 0px 0px;\n}\n<\/style>\n<div  class='flex_column av-7l1m-230f0968336f4afa7cdb95d3743aac71 av_one_fifth  avia-builder-el-15  el_after_av_one_fifth  el_before_av_one_full  first flex_column_div av-zero-column-padding  column-top-margin'     ><style type=\"text\/css\" data-created_by=\"avia_inline_auto\" id=\"style-css-av-jodbqwl4-44983e56cf9c90c032851e02b99e91a8\">\n.avia-image-container.av-jodbqwl4-44983e56cf9c90c032851e02b99e91a8 img.avia_image{\nbox-shadow:none;\n}\n.avia-image-container.av-jodbqwl4-44983e56cf9c90c032851e02b99e91a8 .av-image-caption-overlay-center{\ncolor:#ffffff;\n}\n<\/style>\n<div  class='avia-image-container av-jodbqwl4-44983e56cf9c90c032851e02b99e91a8 av-styling- av-img-linked avia-align-center  avia-builder-el-16  avia-builder-el-no-sibling '   itemprop=\"image\" itemscope=\"itemscope\" itemtype=\"https:\/\/schema.org\/ImageObject\" ><div class=\"avia-image-container-inner\"><div class=\"avia-image-overlay-wrap\"><a href=\"https:\/\/www.soscuisine.com\/?sos_r=CA-QC\" class='avia_image '  target=\"_blank\"  rel=\"noopener noreferrer\" aria-label='udm'><img decoding=\"async\" fetchpriority=\"high\" class='wp-image-1243 avia-img-lazy-loading-not-1243 avia_image ' src=\"https:\/\/sante-entreprise.ca\/wp-content\/uploads\/2018\/12\/udm.jpg\" alt='' title='udm'  height=\"177\" width=\"433\"  itemprop=\"thumbnailUrl\" srcset=\"https:\/\/sante-entreprise.ca\/wp-content\/uploads\/2018\/12\/udm.jpg 433w, https:\/\/sante-entreprise.ca\/wp-content\/uploads\/2018\/12\/udm-300x123.jpg 300w\" sizes=\"(max-width: 433px) 100vw, 433px\" \/><\/a><\/div><\/div><\/div><\/div>\n<style type=\"text\/css\" data-created_by=\"avia_inline_auto\" id=\"style-css-av-7l1m-230f0968336f4afa7cdb95d3743aac71\">\n.flex_column.av-7l1m-230f0968336f4afa7cdb95d3743aac71{\nborder-radius:0px 0px 0px 0px;\npadding:0px 0px 0px 0px;\n}\n<\/style>\n<div  class='flex_column av-7l1m-230f0968336f4afa7cdb95d3743aac71 av_one_full  avia-builder-el-17  el_after_av_one_fifth  avia-builder-el-last  first flex_column_div av-zero-column-padding  column-top-margin'     ><section  class='av_textblock_section av-jnnxklfn-fe57baed9685519724ae37ab6b324d60 '   itemscope=\"itemscope\" itemtype=\"https:\/\/schema.org\/CreativeWork\" ><div class='avia_textblock'  itemprop=\"text\" ><h5>Capsana is a member of<\/h5>\n<\/div><\/section><br \/>\n\n<style type=\"text\/css\" data-created_by=\"avia_inline_auto\" id=\"style-css-av-jnpdibdq-23f7825c356761902370c0f139f602ce\">\n#top .hr.hr-invisible.av-jnpdibdq-23f7825c356761902370c0f139f602ce{\nheight:10px;\n}\n<\/style>\n<div  class='hr av-jnpdibdq-23f7825c356761902370c0f139f602ce hr-invisible  avia-builder-el-19  el_after_av_textblock  el_before_av_image '><span class='hr-inner '><span class=\"hr-inner-style\"><\/span><\/span><\/div><br \/>\n\n<style type=\"text\/css\" data-created_by=\"avia_inline_auto\" id=\"style-css-av-jodbqwl4-cebe33bae0145b3fffb7e510ab3d97c2\">\n.avia-image-container.av-jodbqwl4-cebe33bae0145b3fffb7e510ab3d97c2 img.avia_image{\nbox-shadow:none;\n}\n.avia-image-container.av-jodbqwl4-cebe33bae0145b3fffb7e510ab3d97c2 .av-image-caption-overlay-center{\ncolor:#ffffff;\n}\n<\/style>\n<div  class='avia-image-container av-jodbqwl4-cebe33bae0145b3fffb7e510ab3d97c2 av-styling- av-img-linked avia-align-left  avia-builder-el-20  el_after_av_hr  avia-builder-el-last '   itemprop=\"image\" itemscope=\"itemscope\" itemtype=\"https:\/\/schema.org\/ImageObject\" ><div class=\"avia-image-container-inner\"><div class=\"avia-image-overlay-wrap\"><a href=\"http:\/\/www.groupeentreprisesensante.com\/fr\/\" class='avia_image '  target=\"_blank\"  rel=\"noopener noreferrer\" aria-label='groupeentreprisessanteFR'><img decoding=\"async\" fetchpriority=\"high\" class='wp-image-371 avia-img-lazy-loading-not-371 avia_image ' src=\"https:\/\/sante-entreprise.ca\/wp-content\/uploads\/2018\/11\/groupeentreprisessanteFR.png\" alt='logo groupe entreprises en sant\u00e9' title='groupeentreprisessanteFR'  height=\"75\" width=\"246\"  itemprop=\"thumbnailUrl\"  \/><\/a><\/div><\/div><\/div><\/p><\/div><\/div><\/div><\/div><!-- close content main div --><\/div><\/div>\n<style type=\"text\/css\" data-created_by=\"avia_inline_auto\" id=\"style-css-av-jmtzhkfg-5ab5e5c9919d5d568816bf525ffd96a9\">\n.avia-section.av-jmtzhkfg-5ab5e5c9919d5d568816bf525ffd96a9{\nbackground-color:#ffffff;\nbackground-image:unset;\n}\n<\/style>\n<div id='av_section_3'  class='avia-section av-jmtzhkfg-5ab5e5c9919d5d568816bf525ffd96a9 main_color avia-section-small avia-no-border-styling  avia-builder-el-21  el_after_av_section  el_before_av_section  avia-bg-style-scroll container_wrap sidebar_right'  ><div class='container av-section-cont-open' ><div class='template-page content  av-content-small alpha units'><div class='post-entry post-entry-type-page post-entry-1302'><div class='entry-content-wrapper clearfix'>\n<section  class='av_textblock_section av-jnnxklfn-fe57baed9685519724ae37ab6b324d60 '   itemscope=\"itemscope\" itemtype=\"https:\/\/schema.org\/CreativeWork\" ><div class='avia_textblock'  itemprop=\"text\" ><h3><strong>Our expertise reaches as far as Europe <\/strong><\/h3>\n<p>Thanks to the Psya firm, which specializes in psychosocial risk management and prevention and the improvement of quality of life at work, the <em>Take care of your health! <\/em>program developed by Capsana has been implemented in France and in Spain. Moreover, our Health questionnaire is now available in Spanish.<\/p>\n<\/div><\/section>\n<\/p>\n<\/div><\/div><\/div><!-- close content main div --><\/div><\/div>\n<style type=\"text\/css\" data-created_by=\"avia_inline_auto\" id=\"style-css-av-jmtzhkfg-550bffa78bd523cdcce56f7e138f334a\">\n.avia-section.av-jmtzhkfg-550bffa78bd523cdcce56f7e138f334a{\nbackground-color:#dd1a32;\nbackground-image:unset;\n}\n<\/style>\n<div id='av_section_4'  class='avia-section av-jmtzhkfg-550bffa78bd523cdcce56f7e138f334a main_color avia-section-default avia-no-border-styling  avia-builder-el-23  el_after_av_section  avia-builder-el-last  avia-bg-style-scroll container_wrap sidebar_right'  ><div class='container av-section-cont-open' ><div class='template-page content  av-content-small alpha units'><div class='post-entry post-entry-type-page post-entry-1302'><div class='entry-content-wrapper clearfix'>\n\n<style type=\"text\/css\" data-created_by=\"avia_inline_auto\" id=\"style-css-av-jnnxklfn-37ca3b12d91f433a5859b14edb03f81f\">\n#top .av_textblock_section.av-jnnxklfn-37ca3b12d91f433a5859b14edb03f81f .avia_textblock{\ncolor:#ffffff;\n}\n<\/style>\n<section  class='av_textblock_section av-jnnxklfn-37ca3b12d91f433a5859b14edb03f81f '   itemscope=\"itemscope\" itemtype=\"https:\/\/schema.org\/CreativeWork\" ><div class='avia_textblock av_inherit_color'  itemprop=\"text\" ><h4 style=\"text-align: center;\"><strong>Ready to promote health in your organisation by focusing on prevention?<\/strong><\/h4>\n<\/div><\/section>\n\n<style type=\"text\/css\" data-created_by=\"avia_inline_auto\" id=\"style-css-av-jnpdibdq-8274a7eac86a9795836e7d7ab821671b\">\n#top .hr.hr-invisible.av-jnpdibdq-8274a7eac86a9795836e7d7ab821671b{\nheight:30px;\n}\n<\/style>\n<div  class='hr av-jnpdibdq-8274a7eac86a9795836e7d7ab821671b hr-invisible  avia-builder-el-25  el_after_av_textblock  el_before_av_button '><span class='hr-inner '><span class=\"hr-inner-style\"><\/span><\/span><\/div>\n<div  class='avia-button-wrap av-jnnxm0q9-77acadecb9da57d67bae4f5d9c81209a-wrap avia-button-center  avia-builder-el-26  el_after_av_hr  avia-builder-el-last  bt-fondrouge'><a href='http:\/\/sante-entreprise.ca\/contact\/?lang=en'  class='avia-button av-jnnxm0q9-77acadecb9da57d67bae4f5d9c81209a av-link-btn avia-icon_select-no avia-size-large avia-position-center avia-color-theme-color'   aria-label=\"CLICK HERE\"><span class='avia_iconbox_title' >CLICK HERE<\/span><\/a><\/div>\n<\/div><\/div><\/div><!-- close content main div --><\/div><\/div><div id='after_section_4'  class='main_color av_default_container_wrap container_wrap sidebar_right'  ><div class='container av-section-cont-open' ><div class='template-page content  av-content-small alpha units'><div class='post-entry post-entry-type-page post-entry-1302'><div class='entry-content-wrapper clearfix'>\n","protected":false},"excerpt":{"rendered":"","protected":false},"author":1,"featured_media":0,"parent":0,"menu_order":0,"comment_status":"closed","ping_status":"closed","template":"","meta":{"footnotes":""},"class_list":["post-1302","page","type-page","status-publish","hentry"],"yoast_head":"<!-- This site is optimized with the Yoast SEO plugin v26.9 - https:\/\/yoast.com\/product\/yoast-seo-wordpress\/ -->\n<title>Partners - Capsana - Sant\u00e9 en entreprise<\/title>\n<meta name=\"robots\" content=\"index, follow, max-snippet:-1, max-image-preview:large, max-video-preview:-1\" \/>\n<link rel=\"canonical\" href=\"https:\/\/sante-entreprise.ca\/en\/partners\/\" \/>\n<meta property=\"og:locale\" content=\"en_US\" \/>\n<meta property=\"og:type\" content=\"article\" \/>\n<meta property=\"og:title\" content=\"Partners - Capsana - Sant\u00e9 en entreprise\" \/>\n<meta property=\"og:url\" content=\"https:\/\/sante-entreprise.ca\/en\/partners\/\" \/>\n<meta property=\"og:site_name\" content=\"Capsana - Sant\u00e9 en entreprise\" \/>\n<meta property=\"article:modified_time\" content=\"2020-03-17T16:57:46+00:00\" \/>\n<meta name=\"twitter:card\" content=\"summary_large_image\" \/>\n<meta name=\"twitter:label1\" content=\"Est. reading time\" \/>\n\t<meta name=\"twitter:data1\" content=\"10 minutes\" \/>\n<script type=\"application\/ld+json\" class=\"yoast-schema-graph\">{\"@context\":\"https:\/\/schema.org\",\"@graph\":[{\"@type\":\"WebPage\",\"@id\":\"https:\/\/sante-entreprise.ca\/en\/partners\/\",\"url\":\"https:\/\/sante-entreprise.ca\/en\/partners\/\",\"name\":\"Partners - Capsana - Sant\u00e9 en entreprise\",\"isPartOf\":{\"@id\":\"https:\/\/sante-entreprise.ca\/en\/#website\"},\"datePublished\":\"2019-01-07T05:10:58+00:00\",\"dateModified\":\"2020-03-17T16:57:46+00:00\",\"breadcrumb\":{\"@id\":\"https:\/\/sante-entreprise.ca\/en\/partners\/#breadcrumb\"},\"inLanguage\":\"en-US\",\"potentialAction\":[{\"@type\":\"ReadAction\",\"target\":[\"https:\/\/sante-entreprise.ca\/en\/partners\/\"]}]},{\"@type\":\"BreadcrumbList\",\"@id\":\"https:\/\/sante-entreprise.ca\/en\/partners\/#breadcrumb\",\"itemListElement\":[{\"@type\":\"ListItem\",\"position\":1,\"name\":\"Accueil\",\"item\":\"https:\/\/sante-entreprise.ca\/en\/\"},{\"@type\":\"ListItem\",\"position\":2,\"name\":\"Partners\"}]},{\"@type\":\"WebSite\",\"@id\":\"https:\/\/sante-entreprise.ca\/en\/#website\",\"url\":\"https:\/\/sante-entreprise.ca\/en\/\",\"name\":\"Capsana - Sant\u00e9 en entreprise\",\"description\":\"Pour une entreprise en sant\u00e9, misez sur celle de vos employ\u00e9s\",\"potentialAction\":[{\"@type\":\"SearchAction\",\"target\":{\"@type\":\"EntryPoint\",\"urlTemplate\":\"https:\/\/sante-entreprise.ca\/en\/?s={search_term_string}\"},\"query-input\":{\"@type\":\"PropertyValueSpecification\",\"valueRequired\":true,\"valueName\":\"search_term_string\"}}],\"inLanguage\":\"en-US\"}]}<\/script>\n<!-- \/ Yoast SEO plugin. -->","yoast_head_json":{"title":"Partners - Capsana - Sant\u00e9 en entreprise","robots":{"index":"index","follow":"follow","max-snippet":"max-snippet:-1","max-image-preview":"max-image-preview:large","max-video-preview":"max-video-preview:-1"},"canonical":"https:\/\/sante-entreprise.ca\/en\/partners\/","og_locale":"en_US","og_type":"article","og_title":"Partners - Capsana - Sant\u00e9 en entreprise","og_url":"https:\/\/sante-entreprise.ca\/en\/partners\/","og_site_name":"Capsana - Sant\u00e9 en entreprise","article_modified_time":"2020-03-17T16:57:46+00:00","twitter_card":"summary_large_image","twitter_misc":{"Est. reading time":"10 minutes"},"schema":{"@context":"https:\/\/schema.org","@graph":[{"@type":"WebPage","@id":"https:\/\/sante-entreprise.ca\/en\/partners\/","url":"https:\/\/sante-entreprise.ca\/en\/partners\/","name":"Partners - Capsana - Sant\u00e9 en entreprise","isPartOf":{"@id":"https:\/\/sante-entreprise.ca\/en\/#website"},"datePublished":"2019-01-07T05:10:58+00:00","dateModified":"2020-03-17T16:57:46+00:00","breadcrumb":{"@id":"https:\/\/sante-entreprise.ca\/en\/partners\/#breadcrumb"},"inLanguage":"en-US","potentialAction":[{"@type":"ReadAction","target":["https:\/\/sante-entreprise.ca\/en\/partners\/"]}]},{"@type":"BreadcrumbList","@id":"https:\/\/sante-entreprise.ca\/en\/partners\/#breadcrumb","itemListElement":[{"@type":"ListItem","position":1,"name":"Accueil","item":"https:\/\/sante-entreprise.ca\/en\/"},{"@type":"ListItem","position":2,"name":"Partners"}]},{"@type":"WebSite","@id":"https:\/\/sante-entreprise.ca\/en\/#website","url":"https:\/\/sante-entreprise.ca\/en\/","name":"Capsana - Sant\u00e9 en entreprise","description":"Pour une entreprise en sant\u00e9, misez sur celle de vos employ\u00e9s","potentialAction":[{"@type":"SearchAction","target":{"@type":"EntryPoint","urlTemplate":"https:\/\/sante-entreprise.ca\/en\/?s={search_term_string}"},"query-input":{"@type":"PropertyValueSpecification","valueRequired":true,"valueName":"search_term_string"}}],"inLanguage":"en-US"}]}},"_links":{"self":[{"href":"https:\/\/sante-entreprise.ca\/en\/wp-json\/wp\/v2\/pages\/1302","targetHints":{"allow":["GET"]}}],"collection":[{"href":"https:\/\/sante-entreprise.ca\/en\/wp-json\/wp\/v2\/pages"}],"about":[{"href":"https:\/\/sante-entreprise.ca\/en\/wp-json\/wp\/v2\/types\/page"}],"author":[{"embeddable":true,"href":"https:\/\/sante-entreprise.ca\/en\/wp-json\/wp\/v2\/users\/1"}],"replies":[{"embeddable":true,"href":"https:\/\/sante-entreprise.ca\/en\/wp-json\/wp\/v2\/comments?post=1302"}],"version-history":[{"count":2,"href":"https:\/\/sante-entreprise.ca\/en\/wp-json\/wp\/v2\/pages\/1302\/revisions"}],"predecessor-version":[{"id":2104,"href":"https:\/\/sante-entreprise.ca\/en\/wp-json\/wp\/v2\/pages\/1302\/revisions\/2104"}],"wp:attachment":[{"href":"https:\/\/sante-entreprise.ca\/en\/wp-json\/wp\/v2\/media?parent=1302"}],"curies":[{"name":"wp","href":"https:\/\/api.w.org\/{rel}","templated":true}]}}