{"id":1327,"date":"2019-01-07T01:37:19","date_gmt":"2019-01-07T05:37:19","guid":{"rendered":"http:\/\/sante-entreprise.ca\/smoking-cessation-in-the-workplace\/"},"modified":"2019-05-04T21:46:31","modified_gmt":"2019-05-05T01:46:31","slug":"smoking-cessation-in-the-workplace","status":"publish","type":"page","link":"https:\/\/sante-entreprise.ca\/en\/smoking-cessation-in-the-workplace\/","title":{"rendered":"Smoking cessation in the workplace"},"content":{"rendered":"\n<style type=\"text\/css\" data-created_by=\"avia_inline_auto\" id=\"style-css-av-jmtzhkfg-2bcef45704a15f84c07f0120b7b1fe37\">\n.avia-section.av-jmtzhkfg-2bcef45704a15f84c07f0120b7b1fe37 .av-parallax .av-parallax-inner{\nbackground-color:#f0f5f5;\nbackground-image:url(https:\/\/sante-entreprise.ca\/wp-content\/uploads\/2019\/01\/Entete-Cessation.jpg);\nbackground-repeat:no-repeat;\nbackground-position:50% 50%;\nbackground-attachment:scroll;\n}\n<\/style>\n<div id='av_section_1'  class='avia-section av-jmtzhkfg-2bcef45704a15f84c07f0120b7b1fe37 main_color avia-section-default avia-no-border-styling  avia-builder-el-0  el_before_av_section  avia-builder-el-first  av-parallax-section avia-bg-style-parallax av-minimum-height av-minimum-height-custom av-height-custom  container_wrap sidebar_right'  data-section-bg-repeat='no-repeat' data-av_minimum_height_px='600'><div class='av-parallax' data-avia-parallax-ratio='0.3' ><div class='av-parallax-inner main_color avia-full-stretch'><\/div><\/div><div class='container av-section-cont-open' style='height:600px'><main  role=\"main\" itemprop=\"mainContentOfPage\"  class='template-page content  av-content-small alpha units'><div class='post-entry post-entry-type-page post-entry-1327'><div class='entry-content-wrapper clearfix'>\n\n<style type=\"text\/css\" data-created_by=\"avia_inline_auto\" id=\"style-css-av-jod9sowu-a0a77a71a1231899e18142b206d1ac04\">\n.flex_column.av-jod9sowu-a0a77a71a1231899e18142b206d1ac04{\nborder-radius:0px 0px 0px 0px;\npadding:0px 0px 0px 0px;\n}\n<\/style>\n<div  class='flex_column av-jod9sowu-a0a77a71a1231899e18142b206d1ac04 av_one_third  avia-builder-el-1  avia-builder-el-no-sibling  first no_margin flex_column_div av-zero-column-padding  '     ><style type=\"text\/css\" data-created_by=\"avia_inline_auto\" id=\"style-css-av-jmu13go2-7fa5b59ca20dcbc440c3e6b0a6c7c542\">\n#top .av_textblock_section.av-jmu13go2-7fa5b59ca20dcbc440c3e6b0a6c7c542 .avia_textblock{\ncolor:#ffffff;\n}\n<\/style>\n<section  class='av_textblock_section av-jmu13go2-7fa5b59ca20dcbc440c3e6b0a6c7c542 '   itemscope=\"itemscope\" itemtype=\"https:\/\/schema.org\/CreativeWork\" ><div class='avia_textblock av_inherit_color'  itemprop=\"text\" ><h6>SMOKING CESSATION IN THE WORKPLACE<\/h6>\n<\/div><\/section><br \/>\n\n<style type=\"text\/css\" data-created_by=\"avia_inline_auto\" id=\"style-css-av-jmu13go2-a817452c8f52997fd4dd5c612294bc37\">\n#top .av_textblock_section.av-jmu13go2-a817452c8f52997fd4dd5c612294bc37 .avia_textblock{\ncolor:#ffffff;\n}\n<\/style>\n<section  class='av_textblock_section av-jmu13go2-a817452c8f52997fd4dd5c612294bc37 '   itemscope=\"itemscope\" itemtype=\"https:\/\/schema.org\/CreativeWork\" ><div class='avia_textblock sous-titre2 av_inherit_color'  itemprop=\"text\" ><p>4 out of 5 smokers wish they could quit for good. Together, we can help them succeed.<\/p>\n<\/div><\/section><\/p><\/div>\n\n<\/div><\/div><\/main><!-- close content main element --><\/div><\/div>\n<style type=\"text\/css\" data-created_by=\"avia_inline_auto\" id=\"style-css-av-jmtzhkfg-b78a1375c29edd164fa5369ad42fb8ce\">\n.avia-section.av-jmtzhkfg-b78a1375c29edd164fa5369ad42fb8ce{\nbackground-color:#ffffff;\nbackground-image:unset;\n}\n<\/style>\n<div id='av_section_2'  class='avia-section av-jmtzhkfg-b78a1375c29edd164fa5369ad42fb8ce main_color avia-section-default avia-no-border-styling  avia-builder-el-4  el_after_av_section  el_before_av_section  avia-bg-style-scroll container_wrap sidebar_right'  ><div class='container av-section-cont-open' ><div class='template-page content  av-content-small alpha units'><div class='post-entry post-entry-type-page post-entry-1327'><div class='entry-content-wrapper clearfix'>\n<div class='flex_column_table av-jod9sowu-24b8fb89b9492dd7ad9c3ff04b3e6245 sc-av_one_fifth av-equal-height-column-flextable'>\n<style type=\"text\/css\" data-created_by=\"avia_inline_auto\" id=\"style-css-av-jod9sowu-24b8fb89b9492dd7ad9c3ff04b3e6245\">\n.flex_column.av-jod9sowu-24b8fb89b9492dd7ad9c3ff04b3e6245{\nborder-radius:0px 0px 0px 0px;\npadding:0px 0px 0px 0px;\n}\n<\/style>\n<div  class='flex_column av-jod9sowu-24b8fb89b9492dd7ad9c3ff04b3e6245 av_one_fifth  avia-builder-el-5  el_before_av_four_fifth  avia-builder-el-first  first flex_column_table_cell av-equal-height-column av-align-middle av-zero-column-padding  '     ><style type=\"text\/css\" data-created_by=\"avia_inline_auto\" id=\"style-css-av-jotf95lh-ee05a42b60372c882b1934d266ca1205\">\n.avia-image-container.av-jotf95lh-ee05a42b60372c882b1934d266ca1205 img.avia_image{\nbox-shadow:none;\n}\n.avia-image-container.av-jotf95lh-ee05a42b60372c882b1934d266ca1205 .av-image-caption-overlay-center{\ncolor:#ffffff;\n}\n<\/style>\n<div  class='avia-image-container av-jotf95lh-ee05a42b60372c882b1934d266ca1205 av-styling- avia-align-center  avia-builder-el-6  avia-builder-el-no-sibling '   itemprop=\"image\" itemscope=\"itemscope\" itemtype=\"https:\/\/schema.org\/ImageObject\" ><div class=\"avia-image-container-inner\"><div class=\"avia-image-overlay-wrap\"><img decoding=\"async\" fetchpriority=\"high\" class='wp-image-826 avia-img-lazy-loading-not-826 avia_image ' src=\"https:\/\/sante-entreprise.ca\/wp-content\/uploads\/2018\/11\/ico-cessation_3x.png\" alt='cessation tabagique' title='ico-cessation_3x'  height=\"280\" width=\"280\"  itemprop=\"thumbnailUrl\" srcset=\"https:\/\/sante-entreprise.ca\/wp-content\/uploads\/2018\/11\/ico-cessation_3x.png 280w, https:\/\/sante-entreprise.ca\/wp-content\/uploads\/2018\/11\/ico-cessation_3x-80x80.png 80w, https:\/\/sante-entreprise.ca\/wp-content\/uploads\/2018\/11\/ico-cessation_3x-36x36.png 36w, https:\/\/sante-entreprise.ca\/wp-content\/uploads\/2018\/11\/ico-cessation_3x-180x180.png 180w, https:\/\/sante-entreprise.ca\/wp-content\/uploads\/2018\/11\/ico-cessation_3x-120x120.png 120w\" sizes=\"(max-width: 280px) 100vw, 280px\" \/><\/div><\/div><\/div><\/div><div class='av-flex-placeholder'><\/div>\n<style type=\"text\/css\" data-created_by=\"avia_inline_auto\" id=\"style-css-av-jod9sowu-904bb06578a24289588186c615988493\">\n.flex_column.av-jod9sowu-904bb06578a24289588186c615988493{\nborder-radius:0px 0px 0px 0px;\npadding:0px 0px 0px 0px;\n}\n<\/style>\n<div  class='flex_column av-jod9sowu-904bb06578a24289588186c615988493 av_four_fifth  avia-builder-el-7  el_after_av_one_fifth  avia-builder-el-last  flex_column_table_cell av-equal-height-column av-align-middle  '     ><section  class='av_textblock_section av-jnnxklfn-fe57baed9685519724ae37ab6b324d60 '   itemscope=\"itemscope\" itemtype=\"https:\/\/schema.org\/CreativeWork\" ><div class='avia_textblock'  itemprop=\"text\" ><h3><strong>Quitting smoking is good for the health of\u2026 your organisation! <\/strong><\/h3>\n<p>On average, an employee who smokes costs $4,000 more per year than an employee who doesn\u2019t. These costs are mostly associated with lower productivity due to cigarette breaks and absenteeism related to health problems.<sup>1<\/sup> Let us help you reduce the share of your profits that is going up in smoke.<\/p>\n<h3><strong>5 good reasons to encourage your employees to quit smoking <\/strong><\/h3>\n<ul>\n<li>Increase tolerance to stress<\/li>\n<li>Reduce absenteeism<\/li>\n<li>Improve productivity<\/li>\n<li>Diminish health-related costs<\/li>\n<li>Show your employees that their health matters to you<\/li>\n<\/ul>\n<p><span style=\"line-height: 1; font-size: 10px;\">1 Source: Fares, B., Stonebridge, C. and Th\u00e9riault, L. (2013). Smoking Cessation and the Workplace: Measuring the Benefits of Workplace Smoking Cessation. <a href=\"https:\/\/www.conferenceboard.ca\/docs\/default-source\/public-pdfs\/CCDPM_Smoking.pdf?sfvrsn=0\">Ottawa: The Conference Board of Canada<\/a><\/span><\/p>\n<\/div><\/section><\/div><\/div><!--close column table wrapper. Autoclose: 1 --><\/div><\/div><\/div><!-- close content main div --><\/div><\/div>\n<style type=\"text\/css\" data-created_by=\"avia_inline_auto\" id=\"style-css-av-jmtzhkfg-a0403efa2123ad701cfad9187debc9a0\">\n.avia-section.av-jmtzhkfg-a0403efa2123ad701cfad9187debc9a0{\nbackground-color:#f0f5f5;\nbackground-image:unset;\n}\n<\/style>\n<div id='av_section_3'  class='avia-section av-jmtzhkfg-a0403efa2123ad701cfad9187debc9a0 main_color avia-section-default avia-no-border-styling  avia-builder-el-9  el_after_av_section  el_before_av_section  avia-bg-style-scroll container_wrap sidebar_right'  ><div class='container av-section-cont-open' ><div class='template-page content  av-content-small alpha units'><div class='post-entry post-entry-type-page post-entry-1327'><div class='entry-content-wrapper clearfix'>\n<section  class='av_textblock_section av-jnnxklfn-fe57baed9685519724ae37ab6b324d60 '   itemscope=\"itemscope\" itemtype=\"https:\/\/schema.org\/CreativeWork\" ><div class='avia_textblock'  itemprop=\"text\" ><h2 style=\"text-align: center;\"><strong>Our smoking cessation in the workplace program is:<\/strong><\/h2>\n<\/div><\/section>\n\n<style type=\"text\/css\" data-created_by=\"avia_inline_auto\" id=\"style-css-av-dradg-5f99bbc572c9e4e49bcd9f3a8c298c26\">\n.flex_column.av-dradg-5f99bbc572c9e4e49bcd9f3a8c298c26{\nborder-radius:0px 0px 0px 0px;\npadding:0px 0px 0px 0px;\n}\n<\/style>\n<div  class='flex_column av-dradg-5f99bbc572c9e4e49bcd9f3a8c298c26 av_one_third  avia-builder-el-11  el_after_av_textblock  el_before_av_one_third  first flex_column_div av-zero-column-padding  column-top-margin'     ><p>\n<style type=\"text\/css\" data-created_by=\"avia_inline_auto\" id=\"style-css-av-jodbqwl4-d43cb128e2ad979ee3b1490d0326e021\">\n.avia-image-container.av-jodbqwl4-d43cb128e2ad979ee3b1490d0326e021 img.avia_image{\nbox-shadow:none;\n}\n.avia-image-container.av-jodbqwl4-d43cb128e2ad979ee3b1490d0326e021 .av-image-caption-overlay-center{\ncolor:#ffffff;\n}\n<\/style>\n<div  class='avia-image-container av-jodbqwl4-d43cb128e2ad979ee3b1490d0326e021 av-styling- avia-align-center  avia-builder-el-12  el_before_av_textblock  avia-builder-el-first '   itemprop=\"image\" itemscope=\"itemscope\" itemtype=\"https:\/\/schema.org\/ImageObject\" ><div class=\"avia-image-container-inner\"><div class=\"avia-image-overlay-wrap\"><img decoding=\"async\" fetchpriority=\"high\" class='wp-image-649 avia-img-lazy-loading-not-649 avia_image ' src=\"https:\/\/sante-entreprise.ca\/wp-content\/uploads\/2018\/11\/cessation-icon1.png\" alt='' title='cessation-icon1'  height=\"74\" width=\"77\"  itemprop=\"thumbnailUrl\" srcset=\"https:\/\/sante-entreprise.ca\/wp-content\/uploads\/2018\/11\/cessation-icon1.png 77w, https:\/\/sante-entreprise.ca\/wp-content\/uploads\/2018\/11\/cessation-icon1-36x36.png 36w\" sizes=\"(max-width: 77px) 100vw, 77px\" \/><\/div><\/div><\/div><br \/>\n<section  class='av_textblock_section av-jmu13go2-b2f72261d97d2c0444a3f4c82fbd18b7 '   itemscope=\"itemscope\" itemtype=\"https:\/\/schema.org\/CreativeWork\" ><div class='avia_textblock av_inherit_color'  itemprop=\"text\" ><h5 style=\"text-align: center;\">A structured framework<\/h5>\n<\/div><\/section><\/p><\/div>\n<style type=\"text\/css\" data-created_by=\"avia_inline_auto\" id=\"style-css-av-dradg-21315a38c13e841245a2592f55012cf6\">\n.flex_column.av-dradg-21315a38c13e841245a2592f55012cf6{\nborder-radius:0px 0px 0px 0px;\npadding:0px 0px 0px 0px;\n}\n<\/style>\n<div  class='flex_column av-dradg-21315a38c13e841245a2592f55012cf6 av_one_third  avia-builder-el-14  el_after_av_one_third  el_before_av_one_third  flex_column_div av-zero-column-padding  column-top-margin'     ><p>\n<style type=\"text\/css\" data-created_by=\"avia_inline_auto\" id=\"style-css-av-jodbqwl4-e8cc76e532e734c329a48a522e19d288\">\n.avia-image-container.av-jodbqwl4-e8cc76e532e734c329a48a522e19d288 img.avia_image{\nbox-shadow:none;\n}\n.avia-image-container.av-jodbqwl4-e8cc76e532e734c329a48a522e19d288 .av-image-caption-overlay-center{\ncolor:#ffffff;\n}\n<\/style>\n<div  class='avia-image-container av-jodbqwl4-e8cc76e532e734c329a48a522e19d288 av-styling- avia-align-center  avia-builder-el-15  el_before_av_textblock  avia-builder-el-first '   itemprop=\"image\" itemscope=\"itemscope\" itemtype=\"https:\/\/schema.org\/ImageObject\" ><div class=\"avia-image-container-inner\"><div class=\"avia-image-overlay-wrap\"><img decoding=\"async\" fetchpriority=\"high\" class='wp-image-653 avia-img-lazy-loading-not-653 avia_image ' src=\"https:\/\/sante-entreprise.ca\/wp-content\/uploads\/2018\/11\/cessation-icon3.png\" alt='' title='cessation-icon3'  height=\"79\" width=\"44\"  itemprop=\"thumbnailUrl\"  \/><\/div><\/div><\/div><br \/>\n<section  class='av_textblock_section av-jmu13go2-b2f72261d97d2c0444a3f4c82fbd18b7 '   itemscope=\"itemscope\" itemtype=\"https:\/\/schema.org\/CreativeWork\" ><div class='avia_textblock av_inherit_color'  itemprop=\"text\" ><h5 style=\"text-align: center;\">Motivating tools<\/h5>\n<\/div><\/section><\/p><\/div>\n<style type=\"text\/css\" data-created_by=\"avia_inline_auto\" id=\"style-css-av-dradg-21315a38c13e841245a2592f55012cf6\">\n.flex_column.av-dradg-21315a38c13e841245a2592f55012cf6{\nborder-radius:0px 0px 0px 0px;\npadding:0px 0px 0px 0px;\n}\n<\/style>\n<div  class='flex_column av-dradg-21315a38c13e841245a2592f55012cf6 av_one_third  avia-builder-el-17  el_after_av_one_third  avia-builder-el-last  flex_column_div av-zero-column-padding  column-top-margin'     ><p>\n<style type=\"text\/css\" data-created_by=\"avia_inline_auto\" id=\"style-css-av-jodbqwl4-1c526aceb8715029343499b9de985f71\">\n.avia-image-container.av-jodbqwl4-1c526aceb8715029343499b9de985f71 img.avia_image{\nbox-shadow:none;\n}\n.avia-image-container.av-jodbqwl4-1c526aceb8715029343499b9de985f71 .av-image-caption-overlay-center{\ncolor:#ffffff;\n}\n<\/style>\n<div  class='avia-image-container av-jodbqwl4-1c526aceb8715029343499b9de985f71 av-styling- avia-align-center  avia-builder-el-18  el_before_av_textblock  avia-builder-el-first '   itemprop=\"image\" itemscope=\"itemscope\" itemtype=\"https:\/\/schema.org\/ImageObject\" ><div class=\"avia-image-container-inner\"><div class=\"avia-image-overlay-wrap\"><img decoding=\"async\" fetchpriority=\"high\" class='wp-image-651 avia-img-lazy-loading-not-651 avia_image ' src=\"https:\/\/sante-entreprise.ca\/wp-content\/uploads\/2018\/11\/cessation-icon2.png\" alt='' title='cessation-icon2'  height=\"80\" width=\"77\"  itemprop=\"thumbnailUrl\" srcset=\"https:\/\/sante-entreprise.ca\/wp-content\/uploads\/2018\/11\/cessation-icon2.png 77w, https:\/\/sante-entreprise.ca\/wp-content\/uploads\/2018\/11\/cessation-icon2-36x36.png 36w\" sizes=\"(max-width: 77px) 100vw, 77px\" \/><\/div><\/div><\/div><br \/>\n<section  class='av_textblock_section av-jmu13go2-b2f72261d97d2c0444a3f4c82fbd18b7 '   itemscope=\"itemscope\" itemtype=\"https:\/\/schema.org\/CreativeWork\" ><div class='avia_textblock av_inherit_color'  itemprop=\"text\" ><h5 style=\"text-align: center;\">Support from our experts<\/h5>\n<\/div><\/section><\/p><\/div>\n<\/p>\n<\/div><\/div><\/div><!-- close content main div --><\/div><\/div>\n<style type=\"text\/css\" data-created_by=\"avia_inline_auto\" id=\"style-css-av-jmtzhkfg-550bffa78bd523cdcce56f7e138f334a\">\n.avia-section.av-jmtzhkfg-550bffa78bd523cdcce56f7e138f334a{\nbackground-color:#dd1a32;\nbackground-image:unset;\n}\n<\/style>\n<div id='av_section_4'  class='avia-section av-jmtzhkfg-550bffa78bd523cdcce56f7e138f334a main_color avia-section-default avia-no-border-styling  avia-builder-el-20  el_after_av_section  avia-builder-el-last  avia-bg-style-scroll container_wrap sidebar_right'  ><div class='container av-section-cont-open' ><div class='template-page content  av-content-small alpha units'><div class='post-entry post-entry-type-page post-entry-1327'><div class='entry-content-wrapper clearfix'>\n\n<style type=\"text\/css\" data-created_by=\"avia_inline_auto\" id=\"style-css-av-jnnxklfn-37ca3b12d91f433a5859b14edb03f81f\">\n#top .av_textblock_section.av-jnnxklfn-37ca3b12d91f433a5859b14edb03f81f .avia_textblock{\ncolor:#ffffff;\n}\n<\/style>\n<section  class='av_textblock_section av-jnnxklfn-37ca3b12d91f433a5859b14edb03f81f '   itemscope=\"itemscope\" itemtype=\"https:\/\/schema.org\/CreativeWork\" ><div class='avia_textblock av_inherit_color'  itemprop=\"text\" ><p style=\"text-align: center;\"><strong>Would you like to help your employees quit for good?<\/strong><\/p>\n<h4 style=\"text-align: center;\"><strong>\u00a0<\/strong><\/h4>\n<\/div><\/section>\n\n<style type=\"text\/css\" data-created_by=\"avia_inline_auto\" id=\"style-css-av-jnpdibdq-8274a7eac86a9795836e7d7ab821671b\">\n#top .hr.hr-invisible.av-jnpdibdq-8274a7eac86a9795836e7d7ab821671b{\nheight:30px;\n}\n<\/style>\n<div  class='hr av-jnpdibdq-8274a7eac86a9795836e7d7ab821671b hr-invisible  avia-builder-el-22  el_after_av_textblock  el_before_av_button '><span class='hr-inner '><span class=\"hr-inner-style\"><\/span><\/span><\/div>\n<div  class='avia-button-wrap av-jnnxm0q9-77acadecb9da57d67bae4f5d9c81209a-wrap avia-button-center  avia-builder-el-23  el_after_av_hr  avia-builder-el-last  bt-fondrouge'><a href='http:\/\/sante-entreprise.ca\/contact\/?lang=en'  class='avia-button av-jnnxm0q9-77acadecb9da57d67bae4f5d9c81209a av-link-btn avia-icon_select-no avia-size-large avia-position-center avia-color-theme-color'   aria-label=\"CLICK HERE\"><span class='avia_iconbox_title' >CLICK HERE<\/span><\/a><\/div>\n<\/div><\/div><\/div><!-- close content main div --><\/div><\/div><div id='after_section_4'  class='main_color av_default_container_wrap container_wrap sidebar_right'  ><div class='container av-section-cont-open' ><div class='template-page content  av-content-small alpha units'><div class='post-entry post-entry-type-page post-entry-1327'><div class='entry-content-wrapper clearfix'>\n","protected":false},"excerpt":{"rendered":"","protected":false},"author":1,"featured_media":0,"parent":0,"menu_order":0,"comment_status":"closed","ping_status":"closed","template":"","meta":{"footnotes":""},"class_list":["post-1327","page","type-page","status-publish","hentry"],"yoast_head":"<!-- This site is optimized with the Yoast SEO plugin v26.9 - https:\/\/yoast.com\/product\/yoast-seo-wordpress\/ -->\n<title>Smoking cessation in the workplace - Capsana - Sant\u00e9 en entreprise<\/title>\n<meta name=\"robots\" content=\"index, follow, max-snippet:-1, max-image-preview:large, max-video-preview:-1\" \/>\n<link rel=\"canonical\" href=\"https:\/\/sante-entreprise.ca\/en\/smoking-cessation-in-the-workplace\/\" \/>\n<meta property=\"og:locale\" content=\"en_US\" \/>\n<meta property=\"og:type\" content=\"article\" \/>\n<meta property=\"og:title\" content=\"Smoking cessation in the workplace - Capsana - Sant\u00e9 en entreprise\" \/>\n<meta property=\"og:url\" content=\"https:\/\/sante-entreprise.ca\/en\/smoking-cessation-in-the-workplace\/\" \/>\n<meta property=\"og:site_name\" content=\"Capsana - Sant\u00e9 en entreprise\" \/>\n<meta property=\"article:modified_time\" content=\"2019-05-05T01:46:31+00:00\" \/>\n<meta name=\"twitter:card\" content=\"summary_large_image\" \/>\n<meta name=\"twitter:label1\" content=\"Est. reading time\" \/>\n\t<meta name=\"twitter:data1\" content=\"9 minutes\" \/>\n<script type=\"application\/ld+json\" class=\"yoast-schema-graph\">{\"@context\":\"https:\/\/schema.org\",\"@graph\":[{\"@type\":\"WebPage\",\"@id\":\"https:\/\/sante-entreprise.ca\/en\/smoking-cessation-in-the-workplace\/\",\"url\":\"https:\/\/sante-entreprise.ca\/en\/smoking-cessation-in-the-workplace\/\",\"name\":\"Smoking cessation in the workplace - Capsana - Sant\u00e9 en entreprise\",\"isPartOf\":{\"@id\":\"https:\/\/sante-entreprise.ca\/en\/#website\"},\"datePublished\":\"2019-01-07T05:37:19+00:00\",\"dateModified\":\"2019-05-05T01:46:31+00:00\",\"breadcrumb\":{\"@id\":\"https:\/\/sante-entreprise.ca\/en\/smoking-cessation-in-the-workplace\/#breadcrumb\"},\"inLanguage\":\"en-US\",\"potentialAction\":[{\"@type\":\"ReadAction\",\"target\":[\"https:\/\/sante-entreprise.ca\/en\/smoking-cessation-in-the-workplace\/\"]}]},{\"@type\":\"BreadcrumbList\",\"@id\":\"https:\/\/sante-entreprise.ca\/en\/smoking-cessation-in-the-workplace\/#breadcrumb\",\"itemListElement\":[{\"@type\":\"ListItem\",\"position\":1,\"name\":\"Accueil\",\"item\":\"https:\/\/sante-entreprise.ca\/en\/\"},{\"@type\":\"ListItem\",\"position\":2,\"name\":\"Smoking cessation in the workplace\"}]},{\"@type\":\"WebSite\",\"@id\":\"https:\/\/sante-entreprise.ca\/en\/#website\",\"url\":\"https:\/\/sante-entreprise.ca\/en\/\",\"name\":\"Capsana - Sant\u00e9 en entreprise\",\"description\":\"Pour une entreprise en sant\u00e9, misez sur celle de vos employ\u00e9s\",\"potentialAction\":[{\"@type\":\"SearchAction\",\"target\":{\"@type\":\"EntryPoint\",\"urlTemplate\":\"https:\/\/sante-entreprise.ca\/en\/?s={search_term_string}\"},\"query-input\":{\"@type\":\"PropertyValueSpecification\",\"valueRequired\":true,\"valueName\":\"search_term_string\"}}],\"inLanguage\":\"en-US\"}]}<\/script>\n<!-- \/ Yoast SEO plugin. -->","yoast_head_json":{"title":"Smoking cessation in the workplace - Capsana - Sant\u00e9 en entreprise","robots":{"index":"index","follow":"follow","max-snippet":"max-snippet:-1","max-image-preview":"max-image-preview:large","max-video-preview":"max-video-preview:-1"},"canonical":"https:\/\/sante-entreprise.ca\/en\/smoking-cessation-in-the-workplace\/","og_locale":"en_US","og_type":"article","og_title":"Smoking cessation in the workplace - Capsana - Sant\u00e9 en entreprise","og_url":"https:\/\/sante-entreprise.ca\/en\/smoking-cessation-in-the-workplace\/","og_site_name":"Capsana - Sant\u00e9 en entreprise","article_modified_time":"2019-05-05T01:46:31+00:00","twitter_card":"summary_large_image","twitter_misc":{"Est. reading time":"9 minutes"},"schema":{"@context":"https:\/\/schema.org","@graph":[{"@type":"WebPage","@id":"https:\/\/sante-entreprise.ca\/en\/smoking-cessation-in-the-workplace\/","url":"https:\/\/sante-entreprise.ca\/en\/smoking-cessation-in-the-workplace\/","name":"Smoking cessation in the workplace - Capsana - Sant\u00e9 en entreprise","isPartOf":{"@id":"https:\/\/sante-entreprise.ca\/en\/#website"},"datePublished":"2019-01-07T05:37:19+00:00","dateModified":"2019-05-05T01:46:31+00:00","breadcrumb":{"@id":"https:\/\/sante-entreprise.ca\/en\/smoking-cessation-in-the-workplace\/#breadcrumb"},"inLanguage":"en-US","potentialAction":[{"@type":"ReadAction","target":["https:\/\/sante-entreprise.ca\/en\/smoking-cessation-in-the-workplace\/"]}]},{"@type":"BreadcrumbList","@id":"https:\/\/sante-entreprise.ca\/en\/smoking-cessation-in-the-workplace\/#breadcrumb","itemListElement":[{"@type":"ListItem","position":1,"name":"Accueil","item":"https:\/\/sante-entreprise.ca\/en\/"},{"@type":"ListItem","position":2,"name":"Smoking cessation in the workplace"}]},{"@type":"WebSite","@id":"https:\/\/sante-entreprise.ca\/en\/#website","url":"https:\/\/sante-entreprise.ca\/en\/","name":"Capsana - Sant\u00e9 en entreprise","description":"Pour une entreprise en sant\u00e9, misez sur celle de vos employ\u00e9s","potentialAction":[{"@type":"SearchAction","target":{"@type":"EntryPoint","urlTemplate":"https:\/\/sante-entreprise.ca\/en\/?s={search_term_string}"},"query-input":{"@type":"PropertyValueSpecification","valueRequired":true,"valueName":"search_term_string"}}],"inLanguage":"en-US"}]}},"_links":{"self":[{"href":"https:\/\/sante-entreprise.ca\/en\/wp-json\/wp\/v2\/pages\/1327","targetHints":{"allow":["GET"]}}],"collection":[{"href":"https:\/\/sante-entreprise.ca\/en\/wp-json\/wp\/v2\/pages"}],"about":[{"href":"https:\/\/sante-entreprise.ca\/en\/wp-json\/wp\/v2\/types\/page"}],"author":[{"embeddable":true,"href":"https:\/\/sante-entreprise.ca\/en\/wp-json\/wp\/v2\/users\/1"}],"replies":[{"embeddable":true,"href":"https:\/\/sante-entreprise.ca\/en\/wp-json\/wp\/v2\/comments?post=1327"}],"version-history":[{"count":1,"href":"https:\/\/sante-entreprise.ca\/en\/wp-json\/wp\/v2\/pages\/1327\/revisions"}],"predecessor-version":[{"id":1871,"href":"https:\/\/sante-entreprise.ca\/en\/wp-json\/wp\/v2\/pages\/1327\/revisions\/1871"}],"wp:attachment":[{"href":"https:\/\/sante-entreprise.ca\/en\/wp-json\/wp\/v2\/media?parent=1327"}],"curies":[{"name":"wp","href":"https:\/\/api.w.org\/{rel}","templated":true}]}}