{"id":1340,"date":"2019-01-07T01:49:04","date_gmt":"2019-01-07T05:49:04","guid":{"rendered":"http:\/\/sante-entreprise.ca\/health-kiosk\/"},"modified":"2019-04-28T23:19:23","modified_gmt":"2019-04-29T03:19:23","slug":"health-kiosk","status":"publish","type":"page","link":"https:\/\/sante-entreprise.ca\/en\/health-kiosk\/","title":{"rendered":"Health kiosk"},"content":{"rendered":"\n<style type=\"text\/css\" data-created_by=\"avia_inline_auto\" id=\"style-css-av-jmtzhkfg-e828fb8c200a40c03302b5dfa3b77872\">\n.avia-section.av-jmtzhkfg-e828fb8c200a40c03302b5dfa3b77872 .av-parallax .av-parallax-inner{\nbackground-color:#f0f5f5;\nbackground-image:url(https:\/\/sante-entreprise.ca\/wp-content\/uploads\/2019\/01\/Entete-Kiosque.jpg);\nbackground-repeat:no-repeat;\nbackground-position:50% 50%;\nbackground-attachment:scroll;\n}\n<\/style>\n<div id='av_section_1'  class='avia-section av-jmtzhkfg-e828fb8c200a40c03302b5dfa3b77872 main_color avia-section-default avia-no-border-styling  avia-builder-el-0  el_before_av_section  avia-builder-el-first  av-parallax-section avia-bg-style-parallax av-minimum-height av-minimum-height-custom av-height-custom  container_wrap sidebar_right'  data-section-bg-repeat='no-repeat' data-av_minimum_height_px='600'><div class='av-parallax' data-avia-parallax-ratio='0.3' ><div class='av-parallax-inner main_color avia-full-stretch'><\/div><\/div><div class='container av-section-cont-open' style='height:600px'><main  role=\"main\" itemprop=\"mainContentOfPage\"  class='template-page content  av-content-small alpha units'><div class='post-entry post-entry-type-page post-entry-1340'><div class='entry-content-wrapper clearfix'>\n\n<style type=\"text\/css\" data-created_by=\"avia_inline_auto\" id=\"style-css-av-jod9sowu-a0a77a71a1231899e18142b206d1ac04\">\n.flex_column.av-jod9sowu-a0a77a71a1231899e18142b206d1ac04{\nborder-radius:0px 0px 0px 0px;\npadding:0px 0px 0px 0px;\n}\n<\/style>\n<div  class='flex_column av-jod9sowu-a0a77a71a1231899e18142b206d1ac04 av_one_third  avia-builder-el-1  avia-builder-el-no-sibling  first no_margin flex_column_div av-zero-column-padding  '     ><style type=\"text\/css\" data-created_by=\"avia_inline_auto\" id=\"style-css-av-jmu13go2-7fa5b59ca20dcbc440c3e6b0a6c7c542\">\n#top .av_textblock_section.av-jmu13go2-7fa5b59ca20dcbc440c3e6b0a6c7c542 .avia_textblock{\ncolor:#ffffff;\n}\n<\/style>\n<section  class='av_textblock_section av-jmu13go2-7fa5b59ca20dcbc440c3e6b0a6c7c542 '   itemscope=\"itemscope\" itemtype=\"https:\/\/schema.org\/CreativeWork\" ><div class='avia_textblock av_inherit_color'  itemprop=\"text\" ><h6>HEALTH KIOSK<\/h6>\n<\/div><\/section><br \/>\n\n<style type=\"text\/css\" data-created_by=\"avia_inline_auto\" id=\"style-css-av-jmu13go2-a817452c8f52997fd4dd5c612294bc37\">\n#top .av_textblock_section.av-jmu13go2-a817452c8f52997fd4dd5c612294bc37 .avia_textblock{\ncolor:#ffffff;\n}\n<\/style>\n<section  class='av_textblock_section av-jmu13go2-a817452c8f52997fd4dd5c612294bc37 '   itemscope=\"itemscope\" itemtype=\"https:\/\/schema.org\/CreativeWork\" ><div class='avia_textblock sous-titre2 av_inherit_color'  itemprop=\"text\" ><p>A mobile kiosk that goes where it\u2019s needed!<\/p>\n<\/div><\/section><\/p><\/div><\/div><\/div><\/main><!-- close content main element --><\/div><\/div>\n<style type=\"text\/css\" data-created_by=\"avia_inline_auto\" id=\"style-css-av-jmtzhkfg-b78a1375c29edd164fa5369ad42fb8ce\">\n.avia-section.av-jmtzhkfg-b78a1375c29edd164fa5369ad42fb8ce{\nbackground-color:#ffffff;\nbackground-image:unset;\n}\n<\/style>\n<div id='av_section_2'  class='avia-section av-jmtzhkfg-b78a1375c29edd164fa5369ad42fb8ce main_color avia-section-default avia-no-border-styling  avia-builder-el-4  el_after_av_section  el_before_av_masonry_gallery  avia-bg-style-scroll container_wrap sidebar_right'  ><div class='container av-section-cont-open' ><div class='template-page content  av-content-small alpha units'><div class='post-entry post-entry-type-page post-entry-1340'><div class='entry-content-wrapper clearfix'>\n<div class='flex_column_table av-jod9sowu-24b8fb89b9492dd7ad9c3ff04b3e6245 sc-av_one_fifth av-equal-height-column-flextable'>\n<style type=\"text\/css\" data-created_by=\"avia_inline_auto\" id=\"style-css-av-jod9sowu-24b8fb89b9492dd7ad9c3ff04b3e6245\">\n.flex_column.av-jod9sowu-24b8fb89b9492dd7ad9c3ff04b3e6245{\nborder-radius:0px 0px 0px 0px;\npadding:0px 0px 0px 0px;\n}\n<\/style>\n<div  class='flex_column av-jod9sowu-24b8fb89b9492dd7ad9c3ff04b3e6245 av_one_fifth  avia-builder-el-5  el_before_av_four_fifth  avia-builder-el-first  first flex_column_table_cell av-equal-height-column av-align-middle av-zero-column-padding  '     ><style type=\"text\/css\" data-created_by=\"avia_inline_auto\" id=\"style-css-av-jotf95lh-e3bbde9d4fa95436fd36e34aa4fbe0d4\">\n.avia-image-container.av-jotf95lh-e3bbde9d4fa95436fd36e34aa4fbe0d4 img.avia_image{\nbox-shadow:none;\n}\n.avia-image-container.av-jotf95lh-e3bbde9d4fa95436fd36e34aa4fbe0d4 .av-image-caption-overlay-center{\ncolor:#ffffff;\n}\n<\/style>\n<div  class='avia-image-container av-jotf95lh-e3bbde9d4fa95436fd36e34aa4fbe0d4 av-styling- avia-align-center  avia-builder-el-6  avia-builder-el-no-sibling '   itemprop=\"image\" itemscope=\"itemscope\" itemtype=\"https:\/\/schema.org\/ImageObject\" ><div class=\"avia-image-container-inner\"><div class=\"avia-image-overlay-wrap\"><img decoding=\"async\" fetchpriority=\"high\" class='wp-image-850 avia-img-lazy-loading-not-850 avia_image ' src=\"https:\/\/sante-entreprise.ca\/wp-content\/uploads\/2018\/11\/ico-kiosque_3x.png\" alt='kiosque sant\u00e9' title='ico-kiosque_3x'  height=\"280\" width=\"280\"  itemprop=\"thumbnailUrl\" srcset=\"https:\/\/sante-entreprise.ca\/wp-content\/uploads\/2018\/11\/ico-kiosque_3x.png 280w, https:\/\/sante-entreprise.ca\/wp-content\/uploads\/2018\/11\/ico-kiosque_3x-80x80.png 80w, https:\/\/sante-entreprise.ca\/wp-content\/uploads\/2018\/11\/ico-kiosque_3x-36x36.png 36w, https:\/\/sante-entreprise.ca\/wp-content\/uploads\/2018\/11\/ico-kiosque_3x-180x180.png 180w, https:\/\/sante-entreprise.ca\/wp-content\/uploads\/2018\/11\/ico-kiosque_3x-120x120.png 120w\" sizes=\"(max-width: 280px) 100vw, 280px\" \/><\/div><\/div><\/div><\/div><div class='av-flex-placeholder'><\/div>\n<style type=\"text\/css\" data-created_by=\"avia_inline_auto\" id=\"style-css-av-jod9sowu-904bb06578a24289588186c615988493\">\n.flex_column.av-jod9sowu-904bb06578a24289588186c615988493{\nborder-radius:0px 0px 0px 0px;\npadding:0px 0px 0px 0px;\n}\n<\/style>\n<div  class='flex_column av-jod9sowu-904bb06578a24289588186c615988493 av_four_fifth  avia-builder-el-7  el_after_av_one_fifth  avia-builder-el-last  flex_column_table_cell av-equal-height-column av-align-middle  '     ><section  class='av_textblock_section av-jnnxklfn-fe57baed9685519724ae37ab6b324d60 '   itemscope=\"itemscope\" itemtype=\"https:\/\/schema.org\/CreativeWork\" ><div class='avia_textblock'  itemprop=\"text\" ><h3><strong>A fun educational activity, perfect during a coffee break <\/strong><\/h3>\n<p>Hosted by a professional, our interactive health kiosk helps your employees find out more about many topics such as nutrition, heart health, and physical activity. A rewarding activity that is sure to be a hit!<\/p>\n<\/div><\/section><\/div><\/div><!--close column table wrapper. Autoclose: 1 -->\n<\/p>\n\n<style type=\"text\/css\" data-created_by=\"avia_inline_auto\" id=\"style-css-av-jotfp1cr-4d087c87edbb3577c10ee6efb21a8ccd\">\n#top .av-masonry.av-jotfp1cr-4d087c87edbb3577c10ee6efb21a8ccd{\nbackground-color:#efefef;\n}\n<\/style>\n<div id='av-masonry-1' class='av-masonry av-jotfp1cr-4d087c87edbb3577c10ee6efb21a8ccd noHover av-fixed-size av-large-gap av-hover-overlay- av-masonry-animation-active av-masonry-col-4 av-caption-always av-caption-style- av-masonry-gallery ' data-post_id=\"1340\"><div class=\"av-masonry-container isotope av-js-disabled\"><div class='av-masonry-entry isotope-item av-masonry-item-no-image '><\/div><a href=\"https:\/\/sante-entreprise.ca\/wp-content\/uploads\/2018\/11\/produit-kiosque-1.jpg\" data-srcset=\"https:\/\/sante-entreprise.ca\/wp-content\/uploads\/2018\/11\/produit-kiosque-1.jpg 533w, https:\/\/sante-entreprise.ca\/wp-content\/uploads\/2018\/11\/produit-kiosque-1-300x229.jpg 300w, https:\/\/sante-entreprise.ca\/wp-content\/uploads\/2018\/11\/produit-kiosque-1-450x344.jpg 450w\" data-sizes=\"(max-width: 533px) 100vw, 533px\"  aria-label=\"image produit-kiosque-1\"  id='av-masonry-1-item-563' data-av-masonry-item='563' class='av-masonry-entry isotope-item post-563 attachment type-attachment status-inherit hentry  av-masonry-item-with-image av-grid-img' title=\"produit-kiosque-1\" alt=\"\"    itemprop=\"thumbnailUrl\" ><div class='av-inner-masonry-sizer'><\/div><figure class='av-inner-masonry main_color'><div class=\"av-masonry-outerimage-container\"><div class='av-masonry-image-container' style=\"background-image: url(https:\/\/sante-entreprise.ca\/wp-content\/uploads\/2018\/11\/produit-kiosque-1.jpg);\"  title=\"produit-kiosque-1\" ><\/div><\/div><\/figure><\/a><!--end av-masonry entry--><a href=\"https:\/\/sante-entreprise.ca\/wp-content\/uploads\/2018\/11\/produit-kiosque-3.jpg\" data-srcset=\"https:\/\/sante-entreprise.ca\/wp-content\/uploads\/2018\/11\/produit-kiosque-3.jpg 533w, https:\/\/sante-entreprise.ca\/wp-content\/uploads\/2018\/11\/produit-kiosque-3-300x229.jpg 300w, https:\/\/sante-entreprise.ca\/wp-content\/uploads\/2018\/11\/produit-kiosque-3-450x344.jpg 450w\" data-sizes=\"(max-width: 533px) 100vw, 533px\"  aria-label=\"image produit-kiosque-3\"  id='av-masonry-1-item-567' data-av-masonry-item='567' class='av-masonry-entry isotope-item post-567 attachment type-attachment status-inherit hentry  av-masonry-item-with-image av-grid-img' title=\"produit-kiosque-3\" alt=\"\"    itemprop=\"thumbnailUrl\" ><div class='av-inner-masonry-sizer'><\/div><figure class='av-inner-masonry main_color'><div class=\"av-masonry-outerimage-container\"><div class='av-masonry-image-container' style=\"background-image: url(https:\/\/sante-entreprise.ca\/wp-content\/uploads\/2018\/11\/produit-kiosque-3.jpg);\"  title=\"produit-kiosque-3\" ><\/div><\/div><\/figure><\/a><!--end av-masonry entry--><a href=\"https:\/\/sante-entreprise.ca\/wp-content\/uploads\/2018\/11\/produit-kiosque-4.jpg\" data-srcset=\"https:\/\/sante-entreprise.ca\/wp-content\/uploads\/2018\/11\/produit-kiosque-4.jpg 533w, https:\/\/sante-entreprise.ca\/wp-content\/uploads\/2018\/11\/produit-kiosque-4-300x229.jpg 300w, https:\/\/sante-entreprise.ca\/wp-content\/uploads\/2018\/11\/produit-kiosque-4-450x344.jpg 450w\" data-sizes=\"(max-width: 533px) 100vw, 533px\"  aria-label=\"image produit-kiosque-4\"  id='av-masonry-1-item-569' data-av-masonry-item='569' class='av-masonry-entry isotope-item post-569 attachment type-attachment status-inherit hentry  av-masonry-item-with-image av-grid-img' title=\"produit-kiosque-4\" alt=\"\"    itemprop=\"thumbnailUrl\" ><div class='av-inner-masonry-sizer'><\/div><figure class='av-inner-masonry main_color'><div class=\"av-masonry-outerimage-container\"><div class='av-masonry-image-container' style=\"background-image: url(https:\/\/sante-entreprise.ca\/wp-content\/uploads\/2018\/11\/produit-kiosque-4.jpg);\"  title=\"produit-kiosque-4\" ><\/div><\/div><\/figure><\/a><!--end av-masonry entry--><a href=\"https:\/\/sante-entreprise.ca\/wp-content\/uploads\/2018\/11\/produit-kiosque-2.jpg\" data-srcset=\"https:\/\/sante-entreprise.ca\/wp-content\/uploads\/2018\/11\/produit-kiosque-2.jpg 533w, https:\/\/sante-entreprise.ca\/wp-content\/uploads\/2018\/11\/produit-kiosque-2-300x229.jpg 300w, https:\/\/sante-entreprise.ca\/wp-content\/uploads\/2018\/11\/produit-kiosque-2-450x344.jpg 450w\" data-sizes=\"(max-width: 533px) 100vw, 533px\"  aria-label=\"image produit-kiosque-2\"  id='av-masonry-1-item-565' data-av-masonry-item='565' class='av-masonry-entry isotope-item post-565 attachment type-attachment status-inherit hentry  av-masonry-item-with-image av-grid-img' title=\"produit-kiosque-2\" alt=\"\"    itemprop=\"thumbnailUrl\" ><div class='av-inner-masonry-sizer'><\/div><figure class='av-inner-masonry main_color'><div class=\"av-masonry-outerimage-container\"><div class='av-masonry-image-container' style=\"background-image: url(https:\/\/sante-entreprise.ca\/wp-content\/uploads\/2018\/11\/produit-kiosque-2.jpg);\"  title=\"produit-kiosque-2\" ><\/div><\/div><\/figure><\/a><!--end av-masonry entry--><\/div><\/div>\n\n<style type=\"text\/css\" data-created_by=\"avia_inline_auto\" id=\"style-css-av-jmtzhkfg-ec627fd0015dce9f7ff43a11e4d8f12c\">\n.avia-section.av-jmtzhkfg-ec627fd0015dce9f7ff43a11e4d8f12c{\nbackground-color:#dedede;\nbackground-image:unset;\n}\n<\/style>\n<div id='av_section_3'  class='avia-section av-jmtzhkfg-ec627fd0015dce9f7ff43a11e4d8f12c main_color avia-section-default avia-no-border-styling  avia-builder-el-10  el_after_av_masonry_gallery  el_before_av_section  avia-bg-style-scroll container_wrap sidebar_right'  ><div class='container av-section-cont-open' ><div class='template-page content  av-content-small alpha units'><div class='post-entry post-entry-type-page post-entry-1340'><div class='entry-content-wrapper clearfix'>\n\n<style type=\"text\/css\" data-created_by=\"avia_inline_auto\" id=\"style-css-av-7l1m-230f0968336f4afa7cdb95d3743aac71\">\n.flex_column.av-7l1m-230f0968336f4afa7cdb95d3743aac71{\nborder-radius:0px 0px 0px 0px;\npadding:0px 0px 0px 0px;\n}\n<\/style>\n<div  class='flex_column av-7l1m-230f0968336f4afa7cdb95d3743aac71 av_two_fifth  avia-builder-el-11  el_before_av_three_fifth  avia-builder-el-first  first flex_column_div av-zero-column-padding  '     ><style type=\"text\/css\" data-created_by=\"avia_inline_auto\" id=\"style-css-av-jodbqwl4-6fbabc1d4eebe453acf7f55455e12f0c\">\n.avia-image-container.av-jodbqwl4-6fbabc1d4eebe453acf7f55455e12f0c img.avia_image{\nbox-shadow:none;\n}\n.avia-image-container.av-jodbqwl4-6fbabc1d4eebe453acf7f55455e12f0c .av-image-caption-overlay-center{\ncolor:#ffffff;\n}\n<\/style>\n<div  class='avia-image-container av-jodbqwl4-6fbabc1d4eebe453acf7f55455e12f0c av-styling- avia-align-center  avia-builder-el-12  avia-builder-el-no-sibling '   itemprop=\"image\" itemscope=\"itemscope\" itemtype=\"https:\/\/schema.org\/ImageObject\" ><div class=\"avia-image-container-inner\"><div class=\"avia-image-overlay-wrap\"><img decoding=\"async\" fetchpriority=\"high\" class='wp-image-181 avia-img-lazy-loading-not-181 avia_image ' src=\"https:\/\/sante-entreprise.ca\/wp-content\/uploads\/2018\/11\/ico-3solution.png\" alt='ic\u00f4nes sant\u00e9 au travail' title='ico-3solution'  height=\"208\" width=\"202\"  itemprop=\"thumbnailUrl\" srcset=\"https:\/\/sante-entreprise.ca\/wp-content\/uploads\/2018\/11\/ico-3solution.png 202w, https:\/\/sante-entreprise.ca\/wp-content\/uploads\/2018\/11\/ico-3solution-36x36.png 36w\" sizes=\"(max-width: 202px) 100vw, 202px\" \/><\/div><\/div><\/div><\/div>\n<style type=\"text\/css\" data-created_by=\"avia_inline_auto\" id=\"style-css-av-3hss-aec30ff3e2c82b3441772f664076670b\">\n.flex_column.av-3hss-aec30ff3e2c82b3441772f664076670b{\nborder-radius:0px 0px 0px 0px;\npadding:0px 0px 0px 0px;\n}\n<\/style>\n<div  class='flex_column av-3hss-aec30ff3e2c82b3441772f664076670b av_three_fifth  avia-builder-el-13  el_after_av_two_fifth  avia-builder-el-last  flex_column_div av-zero-column-padding  '     ><section  class='av_textblock_section av-jnnxklfn-fe57baed9685519724ae37ab6b324d60 '   itemscope=\"itemscope\" itemtype=\"https:\/\/schema.org\/CreativeWork\" ><div class='avia_textblock'  itemprop=\"text\" ><h3><strong>Our engaging interactive solutions to promote health in the workplace <\/strong><\/h3>\n<p>Curious to know what else our experts have to offer? Take a look at our complete range of fun, dynamic and effective tools and services adapted to organisations of all sizes.<\/p>\n<\/div><\/section><br \/>\n<div  class='avia-button-wrap av-jnnxm0q9-203c2f7d276f63811a63bf3317f5ea3c-wrap avia-button-left  avia-builder-el-15  el_after_av_textblock  avia-builder-el-last '><a href='\/?page_id=255'  class='avia-button av-jnnxm0q9-203c2f7d276f63811a63bf3317f5ea3c av-link-btn avia-icon_select-no avia-size-large avia-position-left avia-color-theme-color'   aria-label=\"LEARN MORE\"><span class='avia_iconbox_title' >LEARN MORE<\/span><\/a><\/div><\/p><\/div>\n\n<\/div><\/div><\/div><!-- close content main div --><\/div><\/div>\n<style type=\"text\/css\" data-created_by=\"avia_inline_auto\" id=\"style-css-av-jmtzhkfg-550bffa78bd523cdcce56f7e138f334a\">\n.avia-section.av-jmtzhkfg-550bffa78bd523cdcce56f7e138f334a{\nbackground-color:#dd1a32;\nbackground-image:unset;\n}\n<\/style>\n<div id='av_section_4'  class='avia-section av-jmtzhkfg-550bffa78bd523cdcce56f7e138f334a main_color avia-section-default avia-no-border-styling  avia-builder-el-16  el_after_av_section  avia-builder-el-last  avia-bg-style-scroll container_wrap sidebar_right'  ><div class='container av-section-cont-open' ><div class='template-page content  av-content-small alpha units'><div class='post-entry post-entry-type-page post-entry-1340'><div class='entry-content-wrapper clearfix'>\n\n<style type=\"text\/css\" data-created_by=\"avia_inline_auto\" id=\"style-css-av-jnnxklfn-37ca3b12d91f433a5859b14edb03f81f\">\n#top .av_textblock_section.av-jnnxklfn-37ca3b12d91f433a5859b14edb03f81f .avia_textblock{\ncolor:#ffffff;\n}\n<\/style>\n<section  class='av_textblock_section av-jnnxklfn-37ca3b12d91f433a5859b14edb03f81f '   itemscope=\"itemscope\" itemtype=\"https:\/\/schema.org\/CreativeWork\" ><div class='avia_textblock av_inherit_color'  itemprop=\"text\" ><h4 style=\"text-align: center;\"><strong>Would you like the health kiosk to come to your workplace? <\/strong><\/h4>\n<\/div><\/section>\n\n<style type=\"text\/css\" data-created_by=\"avia_inline_auto\" id=\"style-css-av-jnpdibdq-8274a7eac86a9795836e7d7ab821671b\">\n#top .hr.hr-invisible.av-jnpdibdq-8274a7eac86a9795836e7d7ab821671b{\nheight:30px;\n}\n<\/style>\n<div  class='hr av-jnpdibdq-8274a7eac86a9795836e7d7ab821671b hr-invisible  avia-builder-el-18  el_after_av_textblock  el_before_av_button '><span class='hr-inner '><span class=\"hr-inner-style\"><\/span><\/span><\/div>\n<div  class='avia-button-wrap av-jnnxm0q9-77acadecb9da57d67bae4f5d9c81209a-wrap avia-button-center  avia-builder-el-19  el_after_av_hr  avia-builder-el-last  bt-fondrouge'><a href='http:\/\/sante-entreprise.ca\/contact\/?lang=en'  class='avia-button av-jnnxm0q9-77acadecb9da57d67bae4f5d9c81209a av-link-btn avia-icon_select-no avia-size-large avia-position-center avia-color-theme-color'   aria-label=\"CLICK HERE\"><span class='avia_iconbox_title' >CLICK HERE<\/span><\/a><\/div>\n<\/div><\/div><\/div><!-- close content main div --><\/div><\/div><div id='after_section_4'  class='main_color av_default_container_wrap container_wrap sidebar_right'  ><div class='container av-section-cont-open' ><div class='template-page content  av-content-small alpha units'><div class='post-entry post-entry-type-page post-entry-1340'><div class='entry-content-wrapper clearfix'>\n","protected":false},"excerpt":{"rendered":"","protected":false},"author":1,"featured_media":0,"parent":0,"menu_order":0,"comment_status":"closed","ping_status":"closed","template":"","meta":{"footnotes":""},"class_list":["post-1340","page","type-page","status-publish","hentry"],"yoast_head":"<!-- This site is optimized with the Yoast SEO plugin v26.9 - https:\/\/yoast.com\/product\/yoast-seo-wordpress\/ -->\n<title>Health kiosk - Capsana - Sant\u00e9 en entreprise<\/title>\n<meta name=\"robots\" content=\"index, follow, max-snippet:-1, max-image-preview:large, max-video-preview:-1\" \/>\n<link rel=\"canonical\" href=\"https:\/\/sante-entreprise.ca\/en\/health-kiosk\/\" \/>\n<meta property=\"og:locale\" content=\"en_US\" \/>\n<meta property=\"og:type\" content=\"article\" \/>\n<meta property=\"og:title\" content=\"Health kiosk - Capsana - Sant\u00e9 en entreprise\" \/>\n<meta property=\"og:url\" content=\"https:\/\/sante-entreprise.ca\/en\/health-kiosk\/\" \/>\n<meta property=\"og:site_name\" content=\"Capsana - Sant\u00e9 en entreprise\" \/>\n<meta property=\"article:modified_time\" content=\"2019-04-29T03:19:23+00:00\" \/>\n<meta name=\"twitter:card\" content=\"summary_large_image\" \/>\n<meta name=\"twitter:label1\" content=\"Est. reading time\" \/>\n\t<meta name=\"twitter:data1\" content=\"7 minutes\" \/>\n<script type=\"application\/ld+json\" class=\"yoast-schema-graph\">{\"@context\":\"https:\/\/schema.org\",\"@graph\":[{\"@type\":\"WebPage\",\"@id\":\"https:\/\/sante-entreprise.ca\/en\/health-kiosk\/\",\"url\":\"https:\/\/sante-entreprise.ca\/en\/health-kiosk\/\",\"name\":\"Health kiosk - Capsana - Sant\u00e9 en entreprise\",\"isPartOf\":{\"@id\":\"https:\/\/sante-entreprise.ca\/en\/#website\"},\"datePublished\":\"2019-01-07T05:49:04+00:00\",\"dateModified\":\"2019-04-29T03:19:23+00:00\",\"breadcrumb\":{\"@id\":\"https:\/\/sante-entreprise.ca\/en\/health-kiosk\/#breadcrumb\"},\"inLanguage\":\"en-US\",\"potentialAction\":[{\"@type\":\"ReadAction\",\"target\":[\"https:\/\/sante-entreprise.ca\/en\/health-kiosk\/\"]}]},{\"@type\":\"BreadcrumbList\",\"@id\":\"https:\/\/sante-entreprise.ca\/en\/health-kiosk\/#breadcrumb\",\"itemListElement\":[{\"@type\":\"ListItem\",\"position\":1,\"name\":\"Accueil\",\"item\":\"https:\/\/sante-entreprise.ca\/en\/\"},{\"@type\":\"ListItem\",\"position\":2,\"name\":\"Health kiosk\"}]},{\"@type\":\"WebSite\",\"@id\":\"https:\/\/sante-entreprise.ca\/en\/#website\",\"url\":\"https:\/\/sante-entreprise.ca\/en\/\",\"name\":\"Capsana - Sant\u00e9 en entreprise\",\"description\":\"Pour une entreprise en sant\u00e9, misez sur celle de vos employ\u00e9s\",\"potentialAction\":[{\"@type\":\"SearchAction\",\"target\":{\"@type\":\"EntryPoint\",\"urlTemplate\":\"https:\/\/sante-entreprise.ca\/en\/?s={search_term_string}\"},\"query-input\":{\"@type\":\"PropertyValueSpecification\",\"valueRequired\":true,\"valueName\":\"search_term_string\"}}],\"inLanguage\":\"en-US\"}]}<\/script>\n<!-- \/ Yoast SEO plugin. -->","yoast_head_json":{"title":"Health kiosk - Capsana - Sant\u00e9 en entreprise","robots":{"index":"index","follow":"follow","max-snippet":"max-snippet:-1","max-image-preview":"max-image-preview:large","max-video-preview":"max-video-preview:-1"},"canonical":"https:\/\/sante-entreprise.ca\/en\/health-kiosk\/","og_locale":"en_US","og_type":"article","og_title":"Health kiosk - Capsana - Sant\u00e9 en entreprise","og_url":"https:\/\/sante-entreprise.ca\/en\/health-kiosk\/","og_site_name":"Capsana - Sant\u00e9 en entreprise","article_modified_time":"2019-04-29T03:19:23+00:00","twitter_card":"summary_large_image","twitter_misc":{"Est. reading time":"7 minutes"},"schema":{"@context":"https:\/\/schema.org","@graph":[{"@type":"WebPage","@id":"https:\/\/sante-entreprise.ca\/en\/health-kiosk\/","url":"https:\/\/sante-entreprise.ca\/en\/health-kiosk\/","name":"Health kiosk - Capsana - Sant\u00e9 en entreprise","isPartOf":{"@id":"https:\/\/sante-entreprise.ca\/en\/#website"},"datePublished":"2019-01-07T05:49:04+00:00","dateModified":"2019-04-29T03:19:23+00:00","breadcrumb":{"@id":"https:\/\/sante-entreprise.ca\/en\/health-kiosk\/#breadcrumb"},"inLanguage":"en-US","potentialAction":[{"@type":"ReadAction","target":["https:\/\/sante-entreprise.ca\/en\/health-kiosk\/"]}]},{"@type":"BreadcrumbList","@id":"https:\/\/sante-entreprise.ca\/en\/health-kiosk\/#breadcrumb","itemListElement":[{"@type":"ListItem","position":1,"name":"Accueil","item":"https:\/\/sante-entreprise.ca\/en\/"},{"@type":"ListItem","position":2,"name":"Health kiosk"}]},{"@type":"WebSite","@id":"https:\/\/sante-entreprise.ca\/en\/#website","url":"https:\/\/sante-entreprise.ca\/en\/","name":"Capsana - Sant\u00e9 en entreprise","description":"Pour une entreprise en sant\u00e9, misez sur celle de vos employ\u00e9s","potentialAction":[{"@type":"SearchAction","target":{"@type":"EntryPoint","urlTemplate":"https:\/\/sante-entreprise.ca\/en\/?s={search_term_string}"},"query-input":{"@type":"PropertyValueSpecification","valueRequired":true,"valueName":"search_term_string"}}],"inLanguage":"en-US"}]}},"_links":{"self":[{"href":"https:\/\/sante-entreprise.ca\/en\/wp-json\/wp\/v2\/pages\/1340","targetHints":{"allow":["GET"]}}],"collection":[{"href":"https:\/\/sante-entreprise.ca\/en\/wp-json\/wp\/v2\/pages"}],"about":[{"href":"https:\/\/sante-entreprise.ca\/en\/wp-json\/wp\/v2\/types\/page"}],"author":[{"embeddable":true,"href":"https:\/\/sante-entreprise.ca\/en\/wp-json\/wp\/v2\/users\/1"}],"replies":[{"embeddable":true,"href":"https:\/\/sante-entreprise.ca\/en\/wp-json\/wp\/v2\/comments?post=1340"}],"version-history":[{"count":1,"href":"https:\/\/sante-entreprise.ca\/en\/wp-json\/wp\/v2\/pages\/1340\/revisions"}],"predecessor-version":[{"id":2059,"href":"https:\/\/sante-entreprise.ca\/en\/wp-json\/wp\/v2\/pages\/1340\/revisions\/2059"}],"wp:attachment":[{"href":"https:\/\/sante-entreprise.ca\/en\/wp-json\/wp\/v2\/media?parent=1340"}],"curies":[{"name":"wp","href":"https:\/\/api.w.org\/{rel}","templated":true}]}}