{"id":1399,"date":"2019-01-07T02:59:49","date_gmt":"2019-01-07T06:59:49","guid":{"rendered":"http:\/\/sante-entreprise.ca\/healthy-lifestyle-habits\/"},"modified":"2019-05-04T22:08:48","modified_gmt":"2019-05-05T02:08:48","slug":"healthy-lifestyle-habits","status":"publish","type":"page","link":"https:\/\/sante-entreprise.ca\/en\/healthy-lifestyle-habits\/","title":{"rendered":"Healthy lifestyle habits"},"content":{"rendered":"\n<style type=\"text\/css\" data-created_by=\"avia_inline_auto\" id=\"style-css-av-jmtzhkfg-dd3d5c887b2a7d3d4cd4cce205de099c\">\n.avia-section.av-jmtzhkfg-dd3d5c887b2a7d3d4cd4cce205de099c .av-parallax .av-parallax-inner{\nbackground-color:#f0f5f5;\nbackground-image:url(https:\/\/sante-entreprise.ca\/wp-content\/uploads\/2019\/01\/Entete-SainesHabVie.jpg);\nbackground-repeat:no-repeat;\nbackground-position:50% 100%;\nbackground-attachment:scroll;\n}\n<\/style>\n<div id='av_section_1'  class='avia-section av-jmtzhkfg-dd3d5c887b2a7d3d4cd4cce205de099c main_color avia-section-small avia-no-border-styling  avia-builder-el-0  el_before_av_section  avia-builder-el-first  av-parallax-section avia-bg-style-parallax av-minimum-height av-minimum-height-custom av-height-custom  container_wrap sidebar_right'  data-section-bg-repeat='no-repeat' data-av_minimum_height_px='600'><div class='av-parallax' data-avia-parallax-ratio='0.3' ><div class='av-parallax-inner main_color avia-full-stretch'><\/div><\/div><div class='container av-section-cont-open' style='height:600px'><main  role=\"main\" itemprop=\"mainContentOfPage\"  class='template-page content  av-content-small alpha units'><div class='post-entry post-entry-type-page post-entry-1399'><div class='entry-content-wrapper clearfix'>\n\n<style type=\"text\/css\" data-created_by=\"avia_inline_auto\" id=\"style-css-av-jod9sowu-a0a77a71a1231899e18142b206d1ac04\">\n.flex_column.av-jod9sowu-a0a77a71a1231899e18142b206d1ac04{\nborder-radius:0px 0px 0px 0px;\npadding:0px 0px 0px 0px;\n}\n<\/style>\n<div  class='flex_column av-jod9sowu-a0a77a71a1231899e18142b206d1ac04 av_one_third  avia-builder-el-1  avia-builder-el-no-sibling  first no_margin flex_column_div av-zero-column-padding  '     ><style type=\"text\/css\" data-created_by=\"avia_inline_auto\" id=\"style-css-av-jmu13go2-7fa5b59ca20dcbc440c3e6b0a6c7c542\">\n#top .av_textblock_section.av-jmu13go2-7fa5b59ca20dcbc440c3e6b0a6c7c542 .avia_textblock{\ncolor:#ffffff;\n}\n<\/style>\n<section  class='av_textblock_section av-jmu13go2-7fa5b59ca20dcbc440c3e6b0a6c7c542 '   itemscope=\"itemscope\" itemtype=\"https:\/\/schema.org\/CreativeWork\" ><div class='avia_textblock av_inherit_color'  itemprop=\"text\" ><h6>HEALTHY LIFESTYLE HABITS<\/h6>\n<\/div><\/section><br \/>\n\n<style type=\"text\/css\" data-created_by=\"avia_inline_auto\" id=\"style-css-av-jmu13go2-a817452c8f52997fd4dd5c612294bc37\">\n#top .av_textblock_section.av-jmu13go2-a817452c8f52997fd4dd5c612294bc37 .avia_textblock{\ncolor:#ffffff;\n}\n<\/style>\n<section  class='av_textblock_section av-jmu13go2-a817452c8f52997fd4dd5c612294bc37 '   itemscope=\"itemscope\" itemtype=\"https:\/\/schema.org\/CreativeWork\" ><div class='avia_textblock sous-titre2 av_inherit_color'  itemprop=\"text\" ><p>Taking care of yourself every day: a habit that feels good<\/p>\n<\/div><\/section><\/p><\/div>\n\n<\/div><\/div><\/main><!-- close content main element --><\/div><\/div>\n<style type=\"text\/css\" data-created_by=\"avia_inline_auto\" id=\"style-css-av-jmtzhkfg-5ab5e5c9919d5d568816bf525ffd96a9\">\n.avia-section.av-jmtzhkfg-5ab5e5c9919d5d568816bf525ffd96a9{\nbackground-color:#ffffff;\nbackground-image:unset;\n}\n<\/style>\n<div id='av_section_2'  class='avia-section av-jmtzhkfg-5ab5e5c9919d5d568816bf525ffd96a9 main_color avia-section-small avia-no-border-styling  avia-builder-el-4  el_after_av_section  el_before_av_section  avia-bg-style-scroll container_wrap sidebar_right'  ><div class='container av-section-cont-open' ><div class='template-page content  av-content-small alpha units'><div class='post-entry post-entry-type-page post-entry-1399'><div class='entry-content-wrapper clearfix'>\n<section  class='av_textblock_section av-jnnxklfn-fe57baed9685519724ae37ab6b324d60 '   itemscope=\"itemscope\" itemtype=\"https:\/\/schema.org\/CreativeWork\" ><div class='avia_textblock'  itemprop=\"text\" ><h3><strong>The health of your employees, worth its weight in gold!<\/strong><\/h3>\n<p>Promoting healthy lifestyle habits improves the health of your employees, but also that of the organisation. How? By having a positive impact on productivity and the work environment, and by reducing turnover, absenteeism and costs related to health problems.<\/p>\n<\/div><\/section>\n\n<\/div><\/div><\/div><!-- close content main div --><\/div><\/div>\n<style type=\"text\/css\" data-created_by=\"avia_inline_auto\" id=\"style-css-av-jmtzhkfg-5ab5e5c9919d5d568816bf525ffd96a9\">\n.avia-section.av-jmtzhkfg-5ab5e5c9919d5d568816bf525ffd96a9{\nbackground-color:#ffffff;\nbackground-image:unset;\n}\n<\/style>\n<div id='av_section_3'  class='avia-section av-jmtzhkfg-5ab5e5c9919d5d568816bf525ffd96a9 main_color avia-section-small avia-no-border-styling  avia-builder-el-6  el_after_av_section  el_before_av_section  avia-bg-style-scroll container_wrap sidebar_right'  ><div class='container av-section-cont-open' ><div class='template-page content  av-content-small alpha units'><div class='post-entry post-entry-type-page post-entry-1399'><div class='entry-content-wrapper clearfix'>\n\n<style type=\"text\/css\" data-created_by=\"avia_inline_auto\" id=\"style-css-av-jmu13go2-7fa5b59ca20dcbc440c3e6b0a6c7c542\">\n#top .av_textblock_section.av-jmu13go2-7fa5b59ca20dcbc440c3e6b0a6c7c542 .avia_textblock{\ncolor:#ffffff;\n}\n<\/style>\n<section  class='av_textblock_section av-jmu13go2-7fa5b59ca20dcbc440c3e6b0a6c7c542 '   itemscope=\"itemscope\" itemtype=\"https:\/\/schema.org\/CreativeWork\" ><div class='avia_textblock av_inherit_color'  itemprop=\"text\" ><h2 style=\"font-size: 38px; text-align: left;\"><strong>The lifestyle habits targeted by our interventions<\/strong><\/h2>\n<\/div><\/section>\n\n<style type=\"text\/css\" data-created_by=\"avia_inline_auto\" id=\"style-css-av-jnpdibdq-8274a7eac86a9795836e7d7ab821671b\">\n#top .hr.hr-invisible.av-jnpdibdq-8274a7eac86a9795836e7d7ab821671b{\nheight:30px;\n}\n<\/style>\n<div  class='hr av-jnpdibdq-8274a7eac86a9795836e7d7ab821671b hr-invisible  avia-builder-el-8  el_after_av_textblock  el_before_av_one_third '><span class='hr-inner '><span class=\"hr-inner-style\"><\/span><\/span><\/div>\n<div class='flex_column_table av-8wjc-7910d126491fe80860ad24a33debcb8a sc-av_one_third av-equal-height-column-flextable'>\n<style type=\"text\/css\" data-created_by=\"avia_inline_auto\" id=\"style-css-av-8wjc-7910d126491fe80860ad24a33debcb8a\">\n.flex_column.av-8wjc-7910d126491fe80860ad24a33debcb8a{\nborder-radius:0px 0px 0px 0px;\npadding:0px 30px 0px 30px;\n}\n<\/style>\n<div  class='flex_column av-8wjc-7910d126491fe80860ad24a33debcb8a av_one_third  avia-builder-el-9  el_after_av_hr  el_before_av_two_third  first flex_column_table_cell av-equal-height-column av-align-top  '     ><style type=\"text\/css\" data-created_by=\"avia_inline_auto\" id=\"style-css-av-73my-a13f8d1e2ec8e9848d5140dce669d2cf\">\n.avia-image-container.av-73my-a13f8d1e2ec8e9848d5140dce669d2cf img.avia_image{\nbox-shadow:none;\n}\n.avia-image-container.av-73my-a13f8d1e2ec8e9848d5140dce669d2cf .av-image-caption-overlay-center{\ncolor:#ffffff;\n}\n<\/style>\n<div  class='avia-image-container av-73my-a13f8d1e2ec8e9848d5140dce669d2cf av-styling- avia-align-center  avia-builder-el-10  avia-builder-el-no-sibling '   itemprop=\"image\" itemscope=\"itemscope\" itemtype=\"https:\/\/schema.org\/ImageObject\" ><div class=\"avia-image-container-inner\"><div class=\"avia-image-overlay-wrap\"><img decoding=\"async\" fetchpriority=\"high\" class='wp-image-152 avia-img-lazy-loading-not-152 avia_image ' src=\"https:\/\/sante-entreprise.ca\/wp-content\/uploads\/2018\/11\/ico-saine-vie.png\" alt='saines habitudes de vie' title='ico-saine-vie'  height=\"189\" width=\"198\"  itemprop=\"thumbnailUrl\"  \/><\/div><\/div><\/div><\/div><div class='av-flex-placeholder'><\/div>\n<style type=\"text\/css\" data-created_by=\"avia_inline_auto\" id=\"style-css-av-8wjc-29107733cafc33cfc87c36f788aa7afd\">\n.flex_column.av-8wjc-29107733cafc33cfc87c36f788aa7afd{\nborder-radius:0px 0px 0px 0px;\npadding:0px 30px 0px 30px;\n}\n<\/style>\n<div  class='flex_column av-8wjc-29107733cafc33cfc87c36f788aa7afd av_two_third  avia-builder-el-11  el_after_av_one_third  avia-builder-el-last  flex_column_table_cell av-equal-height-column av-align-top  '     ><section  class='av_textblock_section av-jnnxklfn-fe57baed9685519724ae37ab6b324d60 '   itemscope=\"itemscope\" itemtype=\"https:\/\/schema.org\/CreativeWork\" ><div class='avia_textblock'  itemprop=\"text\" ><ul>\n<li>Nutrition<\/li>\n<li>Physical activity<\/li>\n<li>Weight management<\/li>\n<li>Mental health<\/li>\n<li>Sleep<\/li>\n<li>Smoking cessation<\/li>\n<li>Disease prevention and management<\/li>\n<\/ul>\n<\/div><\/section><\/div><\/div><!--close column table wrapper. Autoclose: 1 -->\n\n<\/div><\/div><\/div><!-- close content main div --><\/div><\/div>\n<style type=\"text\/css\" data-created_by=\"avia_inline_auto\" id=\"style-css-av-jmtzhkfg-a0403efa2123ad701cfad9187debc9a0\">\n.avia-section.av-jmtzhkfg-a0403efa2123ad701cfad9187debc9a0{\nbackground-color:#f0f5f5;\nbackground-image:unset;\n}\n<\/style>\n<div id='av_section_4'  class='avia-section av-jmtzhkfg-a0403efa2123ad701cfad9187debc9a0 main_color avia-section-default avia-no-border-styling  avia-builder-el-13  el_after_av_section  el_before_av_section  avia-bg-style-scroll container_wrap sidebar_right'  ><div class='container av-section-cont-open' ><div class='template-page content  av-content-small alpha units'><div class='post-entry post-entry-type-page post-entry-1399'><div class='entry-content-wrapper clearfix'>\n\n<style type=\"text\/css\" data-created_by=\"avia_inline_auto\" id=\"style-css-av-7l1m-230f0968336f4afa7cdb95d3743aac71\">\n.flex_column.av-7l1m-230f0968336f4afa7cdb95d3743aac71{\nborder-radius:0px 0px 0px 0px;\npadding:0px 0px 0px 0px;\n}\n<\/style>\n<div  class='flex_column av-7l1m-230f0968336f4afa7cdb95d3743aac71 av_one_third  avia-builder-el-14  el_before_av_two_third  avia-builder-el-first  first flex_column_div av-zero-column-padding  '     ><style type=\"text\/css\" data-created_by=\"avia_inline_auto\" id=\"style-css-av-jodbqwl4-dec3fa7b91e1ae33a279236d491f5fbf\">\n.avia-image-container.av-jodbqwl4-dec3fa7b91e1ae33a279236d491f5fbf img.avia_image{\nbox-shadow:none;\n}\n.avia-image-container.av-jodbqwl4-dec3fa7b91e1ae33a279236d491f5fbf .av-image-caption-overlay-center{\ncolor:#ffffff;\n}\n<\/style>\n<div  class='avia-image-container av-jodbqwl4-dec3fa7b91e1ae33a279236d491f5fbf av-styling- avia-align-center  avia-builder-el-15  avia-builder-el-no-sibling '   itemprop=\"image\" itemscope=\"itemscope\" itemtype=\"https:\/\/schema.org\/ImageObject\" ><div class=\"avia-image-container-inner\"><div class=\"avia-image-overlay-wrap\"><img decoding=\"async\" fetchpriority=\"high\" class='wp-image-150 avia-img-lazy-loading-not-150 avia_image ' src=\"https:\/\/sante-entreprise.ca\/wp-content\/uploads\/2018\/11\/ico-saine-gestion.png\" alt='saines habitudes de gestion' title='ico-saine-gestion'  height=\"202\" width=\"185\"  itemprop=\"thumbnailUrl\"  \/><\/div><\/div><\/div><\/div>\n<style type=\"text\/css\" data-created_by=\"avia_inline_auto\" id=\"style-css-av-3hss-aec30ff3e2c82b3441772f664076670b\">\n.flex_column.av-3hss-aec30ff3e2c82b3441772f664076670b{\nborder-radius:0px 0px 0px 0px;\npadding:0px 0px 0px 0px;\n}\n<\/style>\n<div  class='flex_column av-3hss-aec30ff3e2c82b3441772f664076670b av_two_third  avia-builder-el-16  el_after_av_one_third  avia-builder-el-last  flex_column_div av-zero-column-padding  '     ><section  class='av_textblock_section av-jnnxklfn-fe57baed9685519724ae37ab6b324d60 '   itemscope=\"itemscope\" itemtype=\"https:\/\/schema.org\/CreativeWork\" ><div class='avia_textblock'  itemprop=\"text\" ><h3><strong>Your management habits also have an impact on health <\/strong><\/h3>\n<p>Find out how to resolve conflicts and have a positive effect on communication, autonomy and recognition, work attendance, change management, and workload.<\/p>\n<\/div><\/section><br \/>\n<div  class='avia-button-wrap av-jnnxm0q9-23dec68da410303731a6f724be8753be-wrap avia-button-left  avia-builder-el-18  el_after_av_textblock  avia-builder-el-last '><a href='https:\/\/sante-entreprise.ca\/en\/management-practices-2\/'  class='avia-button av-jnnxm0q9-23dec68da410303731a6f724be8753be av-link-btn avia-icon_select-no avia-size-large avia-position-left avia-color-theme-color'   aria-label=\"LEARN MORE\"><span class='avia_iconbox_title' >LEARN MORE<\/span><\/a><\/div><\/p><\/div><\/div><\/div><\/div><!-- close content main div --><\/div><\/div>\n<style type=\"text\/css\" data-created_by=\"avia_inline_auto\" id=\"style-css-av-jmtzhkfg-550bffa78bd523cdcce56f7e138f334a\">\n.avia-section.av-jmtzhkfg-550bffa78bd523cdcce56f7e138f334a{\nbackground-color:#dd1a32;\nbackground-image:unset;\n}\n<\/style>\n<div id='av_section_5'  class='avia-section av-jmtzhkfg-550bffa78bd523cdcce56f7e138f334a main_color avia-section-default avia-no-border-styling  avia-builder-el-19  el_after_av_section  avia-builder-el-last  avia-bg-style-scroll container_wrap sidebar_right'  ><div class='container av-section-cont-open' ><div class='template-page content  av-content-small alpha units'><div class='post-entry post-entry-type-page post-entry-1399'><div class='entry-content-wrapper clearfix'>\n\n<style type=\"text\/css\" data-created_by=\"avia_inline_auto\" id=\"style-css-av-jnnxklfn-37ca3b12d91f433a5859b14edb03f81f\">\n#top .av_textblock_section.av-jnnxklfn-37ca3b12d91f433a5859b14edb03f81f .avia_textblock{\ncolor:#ffffff;\n}\n<\/style>\n<section  class='av_textblock_section av-jnnxklfn-37ca3b12d91f433a5859b14edb03f81f '   itemscope=\"itemscope\" itemtype=\"https:\/\/schema.org\/CreativeWork\" ><div class='avia_textblock av_inherit_color'  itemprop=\"text\" ><h4 style=\"text-align: center;\"><strong>Ready to promote healthy lifestyle habits in your workplace? <\/strong><\/h4>\n<\/div><\/section>\n\n<style type=\"text\/css\" data-created_by=\"avia_inline_auto\" id=\"style-css-av-jnpdibdq-8274a7eac86a9795836e7d7ab821671b\">\n#top .hr.hr-invisible.av-jnpdibdq-8274a7eac86a9795836e7d7ab821671b{\nheight:30px;\n}\n<\/style>\n<div  class='hr av-jnpdibdq-8274a7eac86a9795836e7d7ab821671b hr-invisible  avia-builder-el-21  el_after_av_textblock  el_before_av_button '><span class='hr-inner '><span class=\"hr-inner-style\"><\/span><\/span><\/div>\n<div  class='avia-button-wrap av-jnnxm0q9-77acadecb9da57d67bae4f5d9c81209a-wrap avia-button-center  avia-builder-el-22  el_after_av_hr  avia-builder-el-last  bt-fondrouge'><a href='http:\/\/sante-entreprise.ca\/contact\/?lang=en'  class='avia-button av-jnnxm0q9-77acadecb9da57d67bae4f5d9c81209a av-link-btn avia-icon_select-no avia-size-large avia-position-center avia-color-theme-color'   aria-label=\"CLICK HERE\"><span class='avia_iconbox_title' >CLICK HERE<\/span><\/a><\/div>\n<\/div><\/div><\/div><!-- close content main div --><\/div><\/div><div id='after_section_5'  class='main_color av_default_container_wrap container_wrap sidebar_right'  ><div class='container av-section-cont-open' ><div class='template-page content  av-content-small alpha units'><div class='post-entry post-entry-type-page post-entry-1399'><div class='entry-content-wrapper clearfix'><\/p>\n","protected":false},"excerpt":{"rendered":"","protected":false},"author":1,"featured_media":0,"parent":0,"menu_order":0,"comment_status":"closed","ping_status":"closed","template":"","meta":{"footnotes":""},"class_list":["post-1399","page","type-page","status-publish","hentry"],"yoast_head":"<!-- This site is optimized with the Yoast SEO plugin v26.9 - https:\/\/yoast.com\/product\/yoast-seo-wordpress\/ -->\n<title>Healthy lifestyle habits - Capsana - Sant\u00e9 en entreprise<\/title>\n<meta name=\"robots\" content=\"index, follow, max-snippet:-1, max-image-preview:large, max-video-preview:-1\" \/>\n<link rel=\"canonical\" href=\"https:\/\/sante-entreprise.ca\/en\/healthy-lifestyle-habits\/\" \/>\n<meta property=\"og:locale\" content=\"en_US\" \/>\n<meta property=\"og:type\" content=\"article\" \/>\n<meta property=\"og:title\" content=\"Healthy lifestyle habits - Capsana - Sant\u00e9 en entreprise\" \/>\n<meta property=\"og:url\" content=\"https:\/\/sante-entreprise.ca\/en\/healthy-lifestyle-habits\/\" \/>\n<meta property=\"og:site_name\" content=\"Capsana - Sant\u00e9 en entreprise\" \/>\n<meta property=\"article:modified_time\" content=\"2019-05-05T02:08:48+00:00\" \/>\n<meta name=\"twitter:card\" content=\"summary_large_image\" \/>\n<meta name=\"twitter:label1\" content=\"Est. reading time\" \/>\n\t<meta name=\"twitter:data1\" content=\"8 minutes\" \/>\n<script type=\"application\/ld+json\" class=\"yoast-schema-graph\">{\"@context\":\"https:\/\/schema.org\",\"@graph\":[{\"@type\":\"WebPage\",\"@id\":\"https:\/\/sante-entreprise.ca\/en\/healthy-lifestyle-habits\/\",\"url\":\"https:\/\/sante-entreprise.ca\/en\/healthy-lifestyle-habits\/\",\"name\":\"Healthy lifestyle habits - Capsana - Sant\u00e9 en entreprise\",\"isPartOf\":{\"@id\":\"https:\/\/sante-entreprise.ca\/en\/#website\"},\"datePublished\":\"2019-01-07T06:59:49+00:00\",\"dateModified\":\"2019-05-05T02:08:48+00:00\",\"breadcrumb\":{\"@id\":\"https:\/\/sante-entreprise.ca\/en\/healthy-lifestyle-habits\/#breadcrumb\"},\"inLanguage\":\"en-US\",\"potentialAction\":[{\"@type\":\"ReadAction\",\"target\":[\"https:\/\/sante-entreprise.ca\/en\/healthy-lifestyle-habits\/\"]}]},{\"@type\":\"BreadcrumbList\",\"@id\":\"https:\/\/sante-entreprise.ca\/en\/healthy-lifestyle-habits\/#breadcrumb\",\"itemListElement\":[{\"@type\":\"ListItem\",\"position\":1,\"name\":\"Accueil\",\"item\":\"https:\/\/sante-entreprise.ca\/en\/\"},{\"@type\":\"ListItem\",\"position\":2,\"name\":\"Healthy lifestyle habits\"}]},{\"@type\":\"WebSite\",\"@id\":\"https:\/\/sante-entreprise.ca\/en\/#website\",\"url\":\"https:\/\/sante-entreprise.ca\/en\/\",\"name\":\"Capsana - Sant\u00e9 en entreprise\",\"description\":\"Pour une entreprise en sant\u00e9, misez sur celle de vos employ\u00e9s\",\"potentialAction\":[{\"@type\":\"SearchAction\",\"target\":{\"@type\":\"EntryPoint\",\"urlTemplate\":\"https:\/\/sante-entreprise.ca\/en\/?s={search_term_string}\"},\"query-input\":{\"@type\":\"PropertyValueSpecification\",\"valueRequired\":true,\"valueName\":\"search_term_string\"}}],\"inLanguage\":\"en-US\"}]}<\/script>\n<!-- \/ Yoast SEO plugin. -->","yoast_head_json":{"title":"Healthy lifestyle habits - Capsana - Sant\u00e9 en entreprise","robots":{"index":"index","follow":"follow","max-snippet":"max-snippet:-1","max-image-preview":"max-image-preview:large","max-video-preview":"max-video-preview:-1"},"canonical":"https:\/\/sante-entreprise.ca\/en\/healthy-lifestyle-habits\/","og_locale":"en_US","og_type":"article","og_title":"Healthy lifestyle habits - Capsana - Sant\u00e9 en entreprise","og_url":"https:\/\/sante-entreprise.ca\/en\/healthy-lifestyle-habits\/","og_site_name":"Capsana - Sant\u00e9 en entreprise","article_modified_time":"2019-05-05T02:08:48+00:00","twitter_card":"summary_large_image","twitter_misc":{"Est. reading time":"8 minutes"},"schema":{"@context":"https:\/\/schema.org","@graph":[{"@type":"WebPage","@id":"https:\/\/sante-entreprise.ca\/en\/healthy-lifestyle-habits\/","url":"https:\/\/sante-entreprise.ca\/en\/healthy-lifestyle-habits\/","name":"Healthy lifestyle habits - Capsana - Sant\u00e9 en entreprise","isPartOf":{"@id":"https:\/\/sante-entreprise.ca\/en\/#website"},"datePublished":"2019-01-07T06:59:49+00:00","dateModified":"2019-05-05T02:08:48+00:00","breadcrumb":{"@id":"https:\/\/sante-entreprise.ca\/en\/healthy-lifestyle-habits\/#breadcrumb"},"inLanguage":"en-US","potentialAction":[{"@type":"ReadAction","target":["https:\/\/sante-entreprise.ca\/en\/healthy-lifestyle-habits\/"]}]},{"@type":"BreadcrumbList","@id":"https:\/\/sante-entreprise.ca\/en\/healthy-lifestyle-habits\/#breadcrumb","itemListElement":[{"@type":"ListItem","position":1,"name":"Accueil","item":"https:\/\/sante-entreprise.ca\/en\/"},{"@type":"ListItem","position":2,"name":"Healthy lifestyle habits"}]},{"@type":"WebSite","@id":"https:\/\/sante-entreprise.ca\/en\/#website","url":"https:\/\/sante-entreprise.ca\/en\/","name":"Capsana - Sant\u00e9 en entreprise","description":"Pour une entreprise en sant\u00e9, misez sur celle de vos employ\u00e9s","potentialAction":[{"@type":"SearchAction","target":{"@type":"EntryPoint","urlTemplate":"https:\/\/sante-entreprise.ca\/en\/?s={search_term_string}"},"query-input":{"@type":"PropertyValueSpecification","valueRequired":true,"valueName":"search_term_string"}}],"inLanguage":"en-US"}]}},"_links":{"self":[{"href":"https:\/\/sante-entreprise.ca\/en\/wp-json\/wp\/v2\/pages\/1399","targetHints":{"allow":["GET"]}}],"collection":[{"href":"https:\/\/sante-entreprise.ca\/en\/wp-json\/wp\/v2\/pages"}],"about":[{"href":"https:\/\/sante-entreprise.ca\/en\/wp-json\/wp\/v2\/types\/page"}],"author":[{"embeddable":true,"href":"https:\/\/sante-entreprise.ca\/en\/wp-json\/wp\/v2\/users\/1"}],"replies":[{"embeddable":true,"href":"https:\/\/sante-entreprise.ca\/en\/wp-json\/wp\/v2\/comments?post=1399"}],"version-history":[{"count":1,"href":"https:\/\/sante-entreprise.ca\/en\/wp-json\/wp\/v2\/pages\/1399\/revisions"}],"predecessor-version":[{"id":1891,"href":"https:\/\/sante-entreprise.ca\/en\/wp-json\/wp\/v2\/pages\/1399\/revisions\/1891"}],"wp:attachment":[{"href":"https:\/\/sante-entreprise.ca\/en\/wp-json\/wp\/v2\/media?parent=1399"}],"curies":[{"name":"wp","href":"https:\/\/api.w.org\/{rel}","templated":true}]}}