{"id":2635,"date":"2020-06-25T21:16:29","date_gmt":"2020-06-26T01:16:29","guid":{"rendered":"http:\/\/sante-entreprise.ca\/video-capsule-nutrition-ideas-5719\/"},"modified":"2020-06-25T21:16:57","modified_gmt":"2020-06-26T01:16:57","slug":"video-capsule-nutrition-ideas-5719","status":"publish","type":"page","link":"https:\/\/sante-entreprise.ca\/en\/video-capsule-nutrition-ideas-5719\/","title":{"rendered":"Video Capsule &#8211; Nutrition Ideas &#8211; 5719"},"content":{"rendered":"","protected":true},"excerpt":{"rendered":"","protected":true},"author":1,"featured_media":0,"parent":0,"menu_order":0,"comment_status":"closed","ping_status":"closed","template":"","meta":{"footnotes":""},"class_list":["post-2635","page","type-page","status-publish","post-password-required","hentry"],"yoast_head":"<!-- This site is optimized with the Yoast SEO plugin v26.9 - https:\/\/yoast.com\/product\/yoast-seo-wordpress\/ -->\n<title>Video Capsule - Nutrition Ideas - 5719 - Capsana - Sant\u00e9 en entreprise<\/title>\n<meta name=\"robots\" content=\"noindex, nofollow\" \/>\n<meta property=\"og:locale\" content=\"en_US\" \/>\n<meta property=\"og:type\" content=\"article\" \/>\n<meta property=\"og:title\" content=\"Video Capsule - Nutrition Ideas - 5719 - Capsana - Sant\u00e9 en entreprise\" \/>\n<meta property=\"og:description\" content=\"There is no excerpt because this is a protected post.\" \/>\n<meta property=\"og:url\" content=\"https:\/\/sante-entreprise.ca\/en\/video-capsule-nutrition-ideas-5719\/\" \/>\n<meta property=\"og:site_name\" content=\"Capsana - Sant\u00e9 en entreprise\" \/>\n<meta property=\"article:modified_time\" content=\"2020-06-26T01:16:57+00:00\" \/>\n<meta name=\"twitter:card\" content=\"summary_large_image\" \/>\n<meta name=\"twitter:label1\" content=\"Est. reading time\" \/>\n\t<meta name=\"twitter:data1\" content=\"1 minute\" \/>\n<script type=\"application\/ld+json\" class=\"yoast-schema-graph\">{\"@context\":\"https:\/\/schema.org\",\"@graph\":[{\"@type\":\"WebPage\",\"@id\":\"https:\/\/sante-entreprise.ca\/en\/video-capsule-nutrition-ideas-5719\/\",\"url\":\"https:\/\/sante-entreprise.ca\/en\/video-capsule-nutrition-ideas-5719\/\",\"name\":\"Video Capsule - Nutrition Ideas - 5719 - Capsana - Sant\u00e9 en entreprise\",\"isPartOf\":{\"@id\":\"https:\/\/sante-entreprise.ca\/en\/#website\"},\"datePublished\":\"2020-06-26T01:16:29+00:00\",\"dateModified\":\"2020-06-26T01:16:57+00:00\",\"breadcrumb\":{\"@id\":\"https:\/\/sante-entreprise.ca\/en\/video-capsule-nutrition-ideas-5719\/#breadcrumb\"},\"inLanguage\":\"en-US\"},{\"@type\":\"WebSite\",\"@id\":\"https:\/\/sante-entreprise.ca\/en\/#website\",\"url\":\"https:\/\/sante-entreprise.ca\/en\/\",\"name\":\"Capsana - Sant\u00e9 en entreprise\",\"description\":\"Pour une entreprise en sant\u00e9, misez sur celle de vos employ\u00e9s\",\"potentialAction\":[{\"@type\":\"SearchAction\",\"target\":{\"@type\":\"EntryPoint\",\"urlTemplate\":\"https:\/\/sante-entreprise.ca\/en\/?s={search_term_string}\"},\"query-input\":{\"@type\":\"PropertyValueSpecification\",\"valueRequired\":true,\"valueName\":\"search_term_string\"}}],\"inLanguage\":\"en-US\"}]}<\/script>\n<!-- \/ Yoast SEO plugin. -->","yoast_head_json":{"title":"Video Capsule - Nutrition Ideas - 5719 - Capsana - Sant\u00e9 en entreprise","robots":{"index":"noindex","follow":"nofollow"},"og_locale":"en_US","og_type":"article","og_title":"Video Capsule - Nutrition Ideas - 5719 - Capsana - Sant\u00e9 en entreprise","og_description":"There is no excerpt because this is a protected post.","og_url":"https:\/\/sante-entreprise.ca\/en\/video-capsule-nutrition-ideas-5719\/","og_site_name":"Capsana - Sant\u00e9 en entreprise","article_modified_time":"2020-06-26T01:16:57+00:00","twitter_card":"summary_large_image","twitter_misc":{"Est. reading time":"1 minute"},"schema":{"@context":"https:\/\/schema.org","@graph":[{"@type":"WebPage","@id":"https:\/\/sante-entreprise.ca\/en\/video-capsule-nutrition-ideas-5719\/","url":"https:\/\/sante-entreprise.ca\/en\/video-capsule-nutrition-ideas-5719\/","name":"Video Capsule - Nutrition Ideas - 5719 - Capsana - Sant\u00e9 en entreprise","isPartOf":{"@id":"https:\/\/sante-entreprise.ca\/en\/#website"},"datePublished":"2020-06-26T01:16:29+00:00","dateModified":"2020-06-26T01:16:57+00:00","breadcrumb":{"@id":"https:\/\/sante-entreprise.ca\/en\/video-capsule-nutrition-ideas-5719\/#breadcrumb"},"inLanguage":"en-US"},{"@type":"WebSite","@id":"https:\/\/sante-entreprise.ca\/en\/#website","url":"https:\/\/sante-entreprise.ca\/en\/","name":"Capsana - Sant\u00e9 en entreprise","description":"Pour une entreprise en sant\u00e9, misez sur celle de vos employ\u00e9s","potentialAction":[{"@type":"SearchAction","target":{"@type":"EntryPoint","urlTemplate":"https:\/\/sante-entreprise.ca\/en\/?s={search_term_string}"},"query-input":{"@type":"PropertyValueSpecification","valueRequired":true,"valueName":"search_term_string"}}],"inLanguage":"en-US"}]}},"_links":{"self":[{"href":"https:\/\/sante-entreprise.ca\/en\/wp-json\/wp\/v2\/pages\/2635","targetHints":{"allow":["GET"]}}],"collection":[{"href":"https:\/\/sante-entreprise.ca\/en\/wp-json\/wp\/v2\/pages"}],"about":[{"href":"https:\/\/sante-entreprise.ca\/en\/wp-json\/wp\/v2\/types\/page"}],"author":[{"embeddable":true,"href":"https:\/\/sante-entreprise.ca\/en\/wp-json\/wp\/v2\/users\/1"}],"replies":[{"embeddable":true,"href":"https:\/\/sante-entreprise.ca\/en\/wp-json\/wp\/v2\/comments?post=2635"}],"version-history":[{"count":3,"href":"https:\/\/sante-entreprise.ca\/en\/wp-json\/wp\/v2\/pages\/2635\/revisions"}],"predecessor-version":[{"id":2637,"href":"https:\/\/sante-entreprise.ca\/en\/wp-json\/wp\/v2\/pages\/2635\/revisions\/2637"}],"wp:attachment":[{"href":"https:\/\/sante-entreprise.ca\/en\/wp-json\/wp\/v2\/media?parent=2635"}],"curies":[{"name":"wp","href":"https:\/\/api.w.org\/{rel}","templated":true}]}}